{"id":99,"date":"2023-07-22T12:33:40","date_gmt":"2023-07-22T10:33:40","guid":{"rendered":"https:\/\/actualstrategy.galde.app\/?page_id=99"},"modified":"2023-07-22T12:33:40","modified_gmt":"2023-07-22T10:33:40","slug":"seguridad-en-internet","status":"publish","type":"page","link":"https:\/\/actualstrategy.galde.app\/?page_id=99","title":{"rendered":"Seguridad en Internet"},"content":{"rendered":"<p>&nbsp;<\/p>\n<ul>\n<li>Utilice siempre un navegador actualizado. Los principales navegadores de hoy en d\u00eda se actualizan autom\u00e1ticamente bien de forma transparente al usuario o mediante notificaciones que deber\u00e1n ser aprobadas. Las actualizaciones autom\u00e1ticas del sistema operativo deber\u00e1n tambi\u00e9n estar habilitadas.<\/li>\n<li>Compruebe que los complementos y extensiones est\u00e1n configurados para actualizarse autom\u00e1ticamente. Asimismo, aseg\u00farese que la instalaci\u00f3n de estos complementos se realiza desde fuentes fiables.<\/li>\n<li>Se aconseja deshabilitar complementos como Adobe Flash y Java para aquellos servicios y sitios desconocidos. Mecanismos que permitan pinchar y ejecutar o el uso de determinadas extensiones permiten facilitar esta tarea. Asimismo, se recomienda deshabilitar JavaScript para navegar por p\u00e1ginas web desconocidas. Para agilizar esta configuraci\u00f3n pueden utilizarse extensiones que permiten aplicar pol\u00edticas de contenido para habilitar y deshabilitar lenguajes de scripting.<\/li>\n<li>Se aconseja revisar las opciones de seguridad y privacidad del navegador. Actualmente los navegadores disponen de medidas tan interesantes como: no aceptar cookies de terceros, bloquear pop-ups, evitar la sincronizaci\u00f3n de contrase\u00f1as, evitar el autocompletado, borrar los ficheros temporales y cookies al cerrar el navegador, bloquear la geolocalizaci\u00f3n, filtrar ActiveX, etc.<\/li>\n<li>Se recomienda hacer uso de HTTPS (SSL\/TLS) frente a HTTP incluso para aquellos servicios que no manejen informaci\u00f3n sensible. Existen funcionalidades que servir\u00e1n de gran ayuda para garantizar el uso preferente de HTTPS sobre HTTP durante la navegaci\u00f3n web.<\/li>\n<li>Se recomienda proteger el navegador y los complementos con soluciones que impidan aprovechar debilidades de seguridad para mitigar posibles ataques derivados de programas que intenten aprovechar dichas debilidades. En algunos casos, este tipo de herramientas podr\u00e1n proteger al usuario frente a\u00a0<em>\u201c0-days\u201d<\/em>. Esta soluci\u00f3n no debe verse como un sustituto al antivirus sino como una capa de seguridad adicional.<\/li>\n<li>Proteja sus contrase\u00f1as, no las revele a terceros por escrito ni verbalmente, cambie de contrase\u00f1a peri\u00f3dicamente y nunca atienda a peticiones de contrase\u00f1a que le lleguen por correo electr\u00f3nico.<\/li>\n<li>Use combinaciones de n\u00fameros, letras y s\u00edmbolos para sus contrase\u00f1as. No almacene contrase\u00f1as de forma predeterminada por medio del navegador y utilice herramientas m\u00e1s seguras para su gesti\u00f3n (por ejemplo, gestores de contrase\u00f1as que implementen un sistema de cifrado robusto). En el caso de que se decida utilizar el navegador es importante hacer uso de una llave maestra que cifre el repositorio de credenciales.<\/li>\n<li>Es importante verificar que los certificados remitidos por servicios HTTPS que manejen informaci\u00f3n sensible han sido remitidos por una CA de confianza. Cualquier error o alerta generada por el navegador como consecuencia de la validaci\u00f3n del certificado (por ejemplo, certificados autofirmados) deber\u00e1 revisarse cuidadosamente.<\/li>\n<li>Para mejorar la seguridad frente a ataques de intermediario se recomienda el uso de pol\u00edticas de\u00a0<em>\u201cCertificate Pinning\u201d<\/em>.<\/li>\n<li>Valore el uso de extensiones o complementos adicionales que implementen funcionalidades no contempladas por el navegador. Por ejemplo, aquellas que mejoran la privacidad durante la navegaci\u00f3n o que bloquean en la medida de lo posible anuncios, banners publicitarios y determinadas t\u00e9cnicas de seguimiento utilizadas por terceros.<\/li>\n<\/ul>\n<p>&nbsp;<\/p>\n<p>&nbsp;<\/p>\n","protected":false},"excerpt":{"rendered":"<p>&nbsp; Utilice siempre un navegador actualizado. Los principales navegadores de hoy en d\u00eda se actualizan autom\u00e1ticamente bien de forma transparente al usuario o mediante notificaciones que deber\u00e1n ser aprobadas. Las actualizaciones autom\u00e1ticas del sistema operativo deber\u00e1n tambi\u00e9n estar habilitadas. Compruebe que los complementos y extensiones est\u00e1n configurados para actualizarse autom\u00e1ticamente. Asimismo, aseg\u00farese que la instalaci\u00f3n &hellip;<\/p>\n<p class=\"read-more\"> <a class=\"\" href=\"https:\/\/actualstrategy.galde.app\/?page_id=99\"> <span class=\"screen-reader-text\">Seguridad en Internet<\/span> Read More &raquo;<\/a><\/p>\n","protected":false},"author":1,"featured_media":0,"parent":0,"menu_order":0,"comment_status":"closed","ping_status":"closed","template":"","meta":{"site-sidebar-layout":"default","site-content-layout":"default","ast-global-header-display":"","ast-banner-title-visibility":"","ast-main-header-display":"","ast-hfb-above-header-display":"","ast-hfb-below-header-display":"","ast-hfb-mobile-header-display":"","site-post-title":"","ast-breadcrumbs-content":"","ast-featured-img":"","footer-sml-layout":"","theme-transparent-header-meta":"default","adv-header-id-meta":"","stick-header-meta":"","header-above-stick-meta":"","header-main-stick-meta":"","header-below-stick-meta":"","footnotes":""},"class_list":["post-99","page","type-page","status-publish","hentry"],"_links":{"self":[{"href":"https:\/\/actualstrategy.galde.app\/index.php?rest_route=\/wp\/v2\/pages\/99","targetHints":{"allow":["GET"]}}],"collection":[{"href":"https:\/\/actualstrategy.galde.app\/index.php?rest_route=\/wp\/v2\/pages"}],"about":[{"href":"https:\/\/actualstrategy.galde.app\/index.php?rest_route=\/wp\/v2\/types\/page"}],"author":[{"embeddable":true,"href":"https:\/\/actualstrategy.galde.app\/index.php?rest_route=\/wp\/v2\/users\/1"}],"replies":[{"embeddable":true,"href":"https:\/\/actualstrategy.galde.app\/index.php?rest_route=%2Fwp%2Fv2%2Fcomments&post=99"}],"version-history":[{"count":1,"href":"https:\/\/actualstrategy.galde.app\/index.php?rest_route=\/wp\/v2\/pages\/99\/revisions"}],"predecessor-version":[{"id":100,"href":"https:\/\/actualstrategy.galde.app\/index.php?rest_route=\/wp\/v2\/pages\/99\/revisions\/100"}],"wp:attachment":[{"href":"https:\/\/actualstrategy.galde.app\/index.php?rest_route=%2Fwp%2Fv2%2Fmedia&parent=99"}],"curies":[{"name":"wp","href":"https:\/\/api.w.org\/{rel}","templated":true}]}}