{"id":55,"date":"2023-07-22T10:13:13","date_gmt":"2023-07-22T08:13:13","guid":{"rendered":"https:\/\/actualstrategy.galde.app\/?page_id=55"},"modified":"2023-07-22T11:47:10","modified_gmt":"2023-07-22T09:47:10","slug":"servicios","status":"publish","type":"page","link":"https:\/\/actualstrategy.galde.app\/?page_id=55","title":{"rendered":"Servicios"},"content":{"rendered":"\t\t<div data-elementor-type=\"wp-page\" data-elementor-id=\"55\" class=\"elementor elementor-55\">\n\t\t\t\t\t\t\t\t\t<section class=\"elementor-section elementor-top-section elementor-element elementor-element-5ce94c9 elementor-section-full_width elementor-section-height-default elementor-section-height-default\" data-id=\"5ce94c9\" data-element_type=\"section\">\n\t\t\t\t\t\t<div class=\"elementor-container elementor-column-gap-default\">\n\t\t\t\t\t<div class=\"elementor-column elementor-col-100 elementor-top-column elementor-element elementor-element-91e1f55\" data-id=\"91e1f55\" data-element_type=\"column\" data-settings=\"{&quot;background_background&quot;:&quot;classic&quot;}\">\n\t\t\t<div class=\"elementor-widget-wrap elementor-element-populated\">\n\t\t\t\t\t\t\t\t<div class=\"elementor-element elementor-element-15fef9b elementor-widget elementor-widget-heading\" data-id=\"15fef9b\" data-element_type=\"widget\" data-widget_type=\"heading.default\">\n\t\t\t\t<div class=\"elementor-widget-container\">\n\t\t\t<style>\/*! elementor - v3.14.0 - 26-06-2023 *\/\n.elementor-heading-title{padding:0;margin:0;line-height:1}.elementor-widget-heading .elementor-heading-title[class*=elementor-size-]>a{color:inherit;font-size:inherit;line-height:inherit}.elementor-widget-heading .elementor-heading-title.elementor-size-small{font-size:15px}.elementor-widget-heading .elementor-heading-title.elementor-size-medium{font-size:19px}.elementor-widget-heading .elementor-heading-title.elementor-size-large{font-size:29px}.elementor-widget-heading .elementor-heading-title.elementor-size-xl{font-size:39px}.elementor-widget-heading .elementor-heading-title.elementor-size-xxl{font-size:59px}<\/style><h1 class=\"elementor-heading-title elementor-size-default\">Servicios<\/h1>\t\t<\/div>\n\t\t\t\t<\/div>\n\t\t\t\t<section class=\"elementor-section elementor-inner-section elementor-element elementor-element-da18bfe elementor-section-boxed elementor-section-height-default elementor-section-height-default\" data-id=\"da18bfe\" data-element_type=\"section\">\n\t\t\t\t\t\t<div class=\"elementor-container elementor-column-gap-default\">\n\t\t\t\t\t<div class=\"elementor-column elementor-col-66 elementor-inner-column elementor-element elementor-element-d2698ae\" data-id=\"d2698ae\" data-element_type=\"column\">\n\t\t\t<div class=\"elementor-widget-wrap elementor-element-populated\">\n\t\t\t\t\t\t\t\t<div class=\"elementor-element elementor-element-12715d6 elementor-widget elementor-widget-heading\" data-id=\"12715d6\" data-element_type=\"widget\" data-widget_type=\"heading.default\">\n\t\t\t\t<div class=\"elementor-widget-container\">\n\t\t\t<h4 class=\"elementor-heading-title elementor-size-default\">Externalizaci\u00f3n del Departamento Comercial Nacional<\/h4>\t\t<\/div>\n\t\t\t\t<\/div>\n\t\t\t\t<div class=\"elementor-element elementor-element-ed35d60 elementor-widget elementor-widget-text-editor\" data-id=\"ed35d60\" data-element_type=\"widget\" data-widget_type=\"text-editor.default\">\n\t\t\t\t<div class=\"elementor-widget-container\">\n\t\t\t<style>\/*! elementor - v3.14.0 - 26-06-2023 *\/\n.elementor-widget-text-editor.elementor-drop-cap-view-stacked .elementor-drop-cap{background-color:#69727d;color:#fff}.elementor-widget-text-editor.elementor-drop-cap-view-framed .elementor-drop-cap{color:#69727d;border:3px solid;background-color:transparent}.elementor-widget-text-editor:not(.elementor-drop-cap-view-default) .elementor-drop-cap{margin-top:8px}.elementor-widget-text-editor:not(.elementor-drop-cap-view-default) .elementor-drop-cap-letter{width:1em;height:1em}.elementor-widget-text-editor .elementor-drop-cap{float:left;text-align:center;line-height:1;font-size:50px}.elementor-widget-text-editor .elementor-drop-cap-letter{display:inline-block}<\/style>\t\t\t\t<p>Este servicio consiste en la externalizaci\u00f3n, parcial o total, del Departamento Comercial Nacional de una empresa, que conf\u00eda a <strong>Actual Strategy <\/strong>la tarea de establecerse, hacer crecer o consolidar su red de clientes en las Provincias o Comunidades Aut\u00f3nomas que se hayan acordado previamente.<\/p><p>Las tareas que realizamos son las propias de un Director Comercial o \u00c1rea Manager para las Provincias o Comunidades que nos asignen, e incluyen las siguientes:<\/p><ul><li>Definici\u00f3n de los perfiles de sus clientes.<\/li><li>Identificaci\u00f3n y selecci\u00f3n de clientes y distribuidores potenciales.<\/li><li>Env\u00edo de los mailings de prospecci\u00f3n y promoci\u00f3n.<\/li><li>Establecimiento de la estrategia de implantaci\u00f3n en cada \u00e1rea geogr\u00e1fica.<\/li><li>Seguimiento continuado de la correspondencia con las empresas interesadas.<\/li><li>Seguimiento de las ofertas solicitadas y realizadas.<\/li><li>Detecci\u00f3n, control y seguimiento de oportunidades de negocio.<\/li><li>Control, motivaci\u00f3n y mejora permanente de la red de ventas.<\/li><\/ul><p>Todas las tareas las realizamos en nombre de su empresa y con su propia documentaci\u00f3n y papel de carta. Nuestra empresa se convierte en una extensi\u00f3n de su propio Departamento Comercial para aquellas Provincias o Comunidades que nos conf\u00eden.<\/p><p>Para las visitas de prospecci\u00f3n, nombramiento de Distribuidores, firma de contratos o visitas peri\u00f3dicas, <strong>Actual Strategy<\/strong> ayuda a coordinar las agendas respectivas, pero la visita f\u00edsica a los clientes se realiza siempre por personal de la empresa cliente.<\/p>\t\t\t\t\t\t<\/div>\n\t\t\t\t<\/div>\n\t\t\t\t\t<\/div>\n\t\t<\/div>\n\t\t\t\t<div class=\"elementor-column elementor-col-33 elementor-inner-column elementor-element elementor-element-93817fb\" data-id=\"93817fb\" data-element_type=\"column\">\n\t\t\t<div class=\"elementor-widget-wrap elementor-element-populated\">\n\t\t\t\t\t\t\t\t<div class=\"elementor-element elementor-element-23116ba elementor-widget elementor-widget-image\" data-id=\"23116ba\" data-element_type=\"widget\" data-widget_type=\"image.default\">\n\t\t\t\t<div class=\"elementor-widget-container\">\n\t\t\t<style>\/*! elementor - v3.14.0 - 26-06-2023 *\/\n.elementor-widget-image{text-align:center}.elementor-widget-image a{display:inline-block}.elementor-widget-image a img[src$=\".svg\"]{width:48px}.elementor-widget-image img{vertical-align:middle;display:inline-block}<\/style>\t\t\t\t\t\t\t\t\t\t\t\t<img loading=\"lazy\" decoding=\"async\" width=\"1024\" height=\"1024\" src=\"https:\/\/actualstrategy.galde.app\/wp-content\/uploads\/2023\/07\/map_spain-1024x1024.jpg\" class=\"attachment-large size-large wp-image-59\" alt=\"\" srcset=\"https:\/\/actualstrategy.galde.app\/wp-content\/uploads\/2023\/07\/map_spain-1024x1024.jpg 1024w, https:\/\/actualstrategy.galde.app\/wp-content\/uploads\/2023\/07\/map_spain-300x300.jpg 300w, https:\/\/actualstrategy.galde.app\/wp-content\/uploads\/2023\/07\/map_spain-150x150.jpg 150w, https:\/\/actualstrategy.galde.app\/wp-content\/uploads\/2023\/07\/map_spain-768x768.jpg 768w, https:\/\/actualstrategy.galde.app\/wp-content\/uploads\/2023\/07\/map_spain-1536x1536.jpg 1536w, https:\/\/actualstrategy.galde.app\/wp-content\/uploads\/2023\/07\/map_spain.jpg 1920w\" sizes=\"auto, (max-width: 1024px) 100vw, 1024px\" \/>\t\t\t\t\t\t\t\t\t\t\t\t\t\t\t<\/div>\n\t\t\t\t<\/div>\n\t\t\t\t\t<\/div>\n\t\t<\/div>\n\t\t\t\t\t\t\t<\/div>\n\t\t<\/section>\n\t\t\t\t<section class=\"elementor-section elementor-inner-section elementor-element elementor-element-8b5ffbf elementor-section-boxed elementor-section-height-default elementor-section-height-default\" data-id=\"8b5ffbf\" data-element_type=\"section\">\n\t\t\t\t\t\t<div class=\"elementor-container elementor-column-gap-default\">\n\t\t\t\t\t<div class=\"elementor-column elementor-col-66 elementor-inner-column elementor-element elementor-element-8233868\" data-id=\"8233868\" data-element_type=\"column\">\n\t\t\t<div class=\"elementor-widget-wrap elementor-element-populated\">\n\t\t\t\t\t\t\t\t<div class=\"elementor-element elementor-element-a802a74 elementor-widget elementor-widget-heading\" data-id=\"a802a74\" data-element_type=\"widget\" data-widget_type=\"heading.default\">\n\t\t\t\t<div class=\"elementor-widget-container\">\n\t\t\t<h4 class=\"elementor-heading-title elementor-size-default\">Externalizaci\u00f3n del Departamento de Exportaciones<\/h4>\t\t<\/div>\n\t\t\t\t<\/div>\n\t\t\t\t<div class=\"elementor-element elementor-element-0d66744 elementor-widget elementor-widget-text-editor\" data-id=\"0d66744\" data-element_type=\"widget\" data-widget_type=\"text-editor.default\">\n\t\t\t\t<div class=\"elementor-widget-container\">\n\t\t\t\t\t\t\t<p>Este servicio consiste en la externalizaci\u00f3n, parcial o total, del Departamento de Exportaciones de una empresa, que conf\u00eda a <strong>Actual Strategy <\/strong>la tarea de establecerse, hacer crecer o consolidar su red de clientes en las Provincias o Comunidades Aut\u00f3nomas que se hayan acordado previamente.<\/p><p>Las tareas que realizamos son las propias de un Director de Exportaciones o \u00c1rea Manager para las Provincias o Comunidades que nos asignen, e incluyen las siguientes:<\/p><ul><li>Definici\u00f3n de los perfiles de sus clientes.<\/li><li>Identificaci\u00f3n y selecci\u00f3n de clientes y distribuidores potenciales.<\/li><li>Env\u00edo de los mailings de prospecci\u00f3n y promoci\u00f3n.<\/li><li>Establecimiento de la estrategia de implantaci\u00f3n en cada \u00e1rea geogr\u00e1fica.<\/li><li>Seguimiento continuado de la correspondencia con las empresas interesadas.<\/li><li>Seguimiento de las ofertas solicitadas y realizadas.<\/li><li>Detecci\u00f3n, control y seguimiento de oportunidades de negocio.<\/li><li>Control, motivaci\u00f3n y mejora permanente de la red de ventas.<\/li><\/ul><p>Todas las tareas las realizamos en nombre de su empresa y con su propia documentaci\u00f3n y papel de carta. Nuestra empresa se convierte en una extensi\u00f3n de su propio Departamento de Exportaciones para aquellos pa\u00edses que nos conf\u00eden.<\/p><p>Para las visitas de prospecci\u00f3n, nombramiento de Distribuidores, firma de contratos o visitas peri\u00f3dicas, <strong>Actual Strategy<\/strong> ayuda a coordinar las agendas respectiva. La visita f\u00edsica a los clientes o distribuidores potenciales puede realizarse seg\u00fan convenga el cliente, sea solo por su propio personal o conjuntamente con el de nuestra empresa.\u00a0<\/p>\t\t\t\t\t\t<\/div>\n\t\t\t\t<\/div>\n\t\t\t\t\t<\/div>\n\t\t<\/div>\n\t\t\t\t<div class=\"elementor-column elementor-col-33 elementor-inner-column elementor-element elementor-element-9f03fe7\" data-id=\"9f03fe7\" data-element_type=\"column\">\n\t\t\t<div class=\"elementor-widget-wrap elementor-element-populated\">\n\t\t\t\t\t\t\t\t<div class=\"elementor-element elementor-element-b027884 elementor-widget elementor-widget-image\" data-id=\"b027884\" data-element_type=\"widget\" data-widget_type=\"image.default\">\n\t\t\t\t<div class=\"elementor-widget-container\">\n\t\t\t\t\t\t\t\t\t\t\t\t\t\t\t<img loading=\"lazy\" decoding=\"async\" width=\"1024\" height=\"666\" src=\"https:\/\/actualstrategy.galde.app\/wp-content\/uploads\/2023\/07\/export_images-1024x666.jpg\" class=\"attachment-large size-large wp-image-60\" alt=\"\" srcset=\"https:\/\/actualstrategy.galde.app\/wp-content\/uploads\/2023\/07\/export_images-1024x666.jpg 1024w, https:\/\/actualstrategy.galde.app\/wp-content\/uploads\/2023\/07\/export_images-300x195.jpg 300w, https:\/\/actualstrategy.galde.app\/wp-content\/uploads\/2023\/07\/export_images-768x500.jpg 768w, https:\/\/actualstrategy.galde.app\/wp-content\/uploads\/2023\/07\/export_images.jpg 1500w\" sizes=\"auto, (max-width: 1024px) 100vw, 1024px\" \/>\t\t\t\t\t\t\t\t\t\t\t\t\t\t\t<\/div>\n\t\t\t\t<\/div>\n\t\t\t\t\t<\/div>\n\t\t<\/div>\n\t\t\t\t\t\t\t<\/div>\n\t\t<\/section>\n\t\t\t\t<section class=\"elementor-section elementor-inner-section elementor-element elementor-element-83e9000 elementor-section-boxed elementor-section-height-default elementor-section-height-default\" data-id=\"83e9000\" data-element_type=\"section\">\n\t\t\t\t\t\t<div class=\"elementor-container elementor-column-gap-default\">\n\t\t\t\t\t<div class=\"elementor-column elementor-col-66 elementor-inner-column elementor-element elementor-element-9b73ffc\" data-id=\"9b73ffc\" data-element_type=\"column\">\n\t\t\t<div class=\"elementor-widget-wrap elementor-element-populated\">\n\t\t\t\t\t\t\t\t<div class=\"elementor-element elementor-element-16eaae1 elementor-widget elementor-widget-heading\" data-id=\"16eaae1\" data-element_type=\"widget\" data-widget_type=\"heading.default\">\n\t\t\t\t<div class=\"elementor-widget-container\">\n\t\t\t<h4 class=\"elementor-heading-title elementor-size-default\">Oficina Regional de Ventas en el Sudeste Asi\u00e1tico<\/h4>\t\t<\/div>\n\t\t\t\t<\/div>\n\t\t\t\t<div class=\"elementor-element elementor-element-65e22bd elementor-widget elementor-widget-text-editor\" data-id=\"65e22bd\" data-element_type=\"widget\" data-widget_type=\"text-editor.default\">\n\t\t\t\t<div class=\"elementor-widget-container\">\n\t\t\t\t\t\t\t<p>El objetivo de este servicio es el de ayudar a las empresas a desarrollar ventas de sus productos o servicios en los pa\u00edses previamente acordados en Asia.<\/p><p>Nuestros servicios los podemos ofrecer en diferentes conceptos; los m\u00e1s comunes son dos:<\/p><ol><li>La \u201cOficina Regional de Ventas\u201d, generando ventas para su Empresa.<\/li><li>El servicio de Selecci\u00f3n de Distribuidores, identificando clientes y Distribuidores para Vds.<\/li><\/ol><p>En ambos casos ofrecemos un excelente valor y retorno de la inversi\u00f3n (R.O.I.).<\/p>\t\t\t\t\t\t<\/div>\n\t\t\t\t<\/div>\n\t\t\t\t<div class=\"elementor-element elementor-element-bec879c elementor-widget elementor-widget-heading\" data-id=\"bec879c\" data-element_type=\"widget\" data-widget_type=\"heading.default\">\n\t\t\t\t<div class=\"elementor-widget-container\">\n\t\t\t<h6 class=\"elementor-heading-title elementor-size-default\">Oficina Regional de Ventas<\/h6>\t\t<\/div>\n\t\t\t\t<\/div>\n\t\t\t\t<div class=\"elementor-element elementor-element-0e37a6b elementor-widget elementor-widget-text-editor\" data-id=\"0e37a6b\" data-element_type=\"widget\" data-widget_type=\"text-editor.default\">\n\t\t\t\t<div class=\"elementor-widget-container\">\n\t\t\t\t\t\t\t<p>Es el servicio donde ofrecemos m\u00e1s valor a su empresa, ya que nos convertimos en su Oficina en Asia y llevamos a cabo para Vds. todas las tareas necesarias para vender sus productos en los pa\u00edses previamente acordados. Al tener una Oficina en Asia sus clientes tendr\u00e1n una mejor percepci\u00f3n y m\u00e1s confianza en su empresa, ya que la ver\u00e1n como una empresa \u201clocal\u201d, en su misma zona horaria y hablando su mismo idioma. Este servicio est\u00e1 orientado a medio y largo plazo.<\/p>\t\t\t\t\t\t<\/div>\n\t\t\t\t<\/div>\n\t\t\t\t<div class=\"elementor-element elementor-element-2bfa780 elementor-widget elementor-widget-heading\" data-id=\"2bfa780\" data-element_type=\"widget\" data-widget_type=\"heading.default\">\n\t\t\t\t<div class=\"elementor-widget-container\">\n\t\t\t<h6 class=\"elementor-heading-title elementor-size-default\">Servicio de Selecci\u00f3n de Distribuidores<\/h6>\t\t<\/div>\n\t\t\t\t<\/div>\n\t\t\t\t<div class=\"elementor-element elementor-element-837428b elementor-widget elementor-widget-text-editor\" data-id=\"837428b\" data-element_type=\"widget\" data-widget_type=\"text-editor.default\">\n\t\t\t\t<div class=\"elementor-widget-container\">\n\t\t\t\t\t\t\t<p>Lo que hacemos mediante este servicio es el de identificar clientes y Distribuidores potenciales para su empresa y ayudarlos a Vds. en los procesos de selecci\u00f3n, negociaci\u00f3n y firma de los Contratos de Compra o Distribuci\u00f3n. Cuando este proceso se ha completado, su empresa pasa a tratar directamente con ellos. Este servicio est\u00e1 orientado a corto plazo.<\/p><p>Tambi\u00e9n se puede acordar que, una vez se ha firmado el Contrato de Distribuci\u00f3n, nos pasemos a ocupar de hacer un seguimiento peri\u00f3dico de sus clientes o Distribuidores para asegurarnos de su buen funcionamiento.<\/p>\t\t\t\t\t\t<\/div>\n\t\t\t\t<\/div>\n\t\t\t\t\t<\/div>\n\t\t<\/div>\n\t\t\t\t<div class=\"elementor-column elementor-col-33 elementor-inner-column elementor-element elementor-element-7a148c1\" data-id=\"7a148c1\" data-element_type=\"column\">\n\t\t\t<div class=\"elementor-widget-wrap elementor-element-populated\">\n\t\t\t\t\t\t\t\t<div class=\"elementor-element elementor-element-6996fce elementor-widget elementor-widget-image\" data-id=\"6996fce\" data-element_type=\"widget\" data-widget_type=\"image.default\">\n\t\t\t\t<div class=\"elementor-widget-container\">\n\t\t\t\t\t\t\t\t\t\t\t\t\t\t\t<img loading=\"lazy\" decoding=\"async\" width=\"1024\" height=\"576\" src=\"https:\/\/actualstrategy.galde.app\/wp-content\/uploads\/2023\/07\/southeast_asia-1024x576.jpg\" class=\"attachment-large size-large wp-image-64\" alt=\"\" srcset=\"https:\/\/actualstrategy.galde.app\/wp-content\/uploads\/2023\/07\/southeast_asia-1024x576.jpg 1024w, https:\/\/actualstrategy.galde.app\/wp-content\/uploads\/2023\/07\/southeast_asia-300x169.jpg 300w, https:\/\/actualstrategy.galde.app\/wp-content\/uploads\/2023\/07\/southeast_asia-768x432.jpg 768w, https:\/\/actualstrategy.galde.app\/wp-content\/uploads\/2023\/07\/southeast_asia-1536x864.jpg 1536w, https:\/\/actualstrategy.galde.app\/wp-content\/uploads\/2023\/07\/southeast_asia-2048x1152.jpg 2048w\" sizes=\"auto, (max-width: 1024px) 100vw, 1024px\" \/>\t\t\t\t\t\t\t\t\t\t\t\t\t\t\t<\/div>\n\t\t\t\t<\/div>\n\t\t\t\t\t<\/div>\n\t\t<\/div>\n\t\t\t\t\t\t\t<\/div>\n\t\t<\/section>\n\t\t\t\t\t<\/div>\n\t\t<\/div>\n\t\t\t\t\t\t\t<\/div>\n\t\t<\/section>\n\t\t\t\t\t\t\t<\/div>\n\t\t","protected":false},"excerpt":{"rendered":"<p>Servicios Externalizaci\u00f3n del Departamento Comercial Nacional Este servicio consiste en la externalizaci\u00f3n, parcial o total, del Departamento Comercial Nacional de una empresa, que conf\u00eda a Actual Strategy la tarea de establecerse, hacer crecer o consolidar su red de clientes en las Provincias o Comunidades Aut\u00f3nomas que se hayan acordado previamente. Las tareas que realizamos son &hellip;<\/p>\n<p class=\"read-more\"> <a class=\"\" href=\"https:\/\/actualstrategy.galde.app\/?page_id=55\"> <span class=\"screen-reader-text\">Servicios<\/span> Read More &raquo;<\/a><\/p>\n","protected":false},"author":1,"featured_media":0,"parent":0,"menu_order":0,"comment_status":"closed","ping_status":"closed","template":"","meta":{"site-sidebar-layout":"no-sidebar","site-content-layout":"page-builder","ast-global-header-display":"","ast-banner-title-visibility":"","ast-main-header-display":"","ast-hfb-above-header-display":"","ast-hfb-below-header-display":"","ast-hfb-mobile-header-display":"","site-post-title":"disabled","ast-breadcrumbs-content":"","ast-featured-img":"disabled","footer-sml-layout":"","theme-transparent-header-meta":"default","adv-header-id-meta":"","stick-header-meta":"","header-above-stick-meta":"","header-main-stick-meta":"","header-below-stick-meta":"","footnotes":""},"class_list":["post-55","page","type-page","status-publish","hentry"],"_links":{"self":[{"href":"https:\/\/actualstrategy.galde.app\/index.php?rest_route=\/wp\/v2\/pages\/55","targetHints":{"allow":["GET"]}}],"collection":[{"href":"https:\/\/actualstrategy.galde.app\/index.php?rest_route=\/wp\/v2\/pages"}],"about":[{"href":"https:\/\/actualstrategy.galde.app\/index.php?rest_route=\/wp\/v2\/types\/page"}],"author":[{"embeddable":true,"href":"https:\/\/actualstrategy.galde.app\/index.php?rest_route=\/wp\/v2\/users\/1"}],"replies":[{"embeddable":true,"href":"https:\/\/actualstrategy.galde.app\/index.php?rest_route=%2Fwp%2Fv2%2Fcomments&post=55"}],"version-history":[{"count":5,"href":"https:\/\/actualstrategy.galde.app\/index.php?rest_route=\/wp\/v2\/pages\/55\/revisions"}],"predecessor-version":[{"id":68,"href":"https:\/\/actualstrategy.galde.app\/index.php?rest_route=\/wp\/v2\/pages\/55\/revisions\/68"}],"wp:attachment":[{"href":"https:\/\/actualstrategy.galde.app\/index.php?rest_route=%2Fwp%2Fv2%2Fmedia&parent=55"}],"curies":[{"name":"wp","href":"https:\/\/api.w.org\/{rel}","templated":true}]}}