{"id":31,"date":"2023-07-21T21:22:49","date_gmt":"2023-07-21T19:22:49","guid":{"rendered":"https:\/\/actualstrategy.galde.app\/?page_id=31"},"modified":"2023-07-22T11:09:46","modified_gmt":"2023-07-22T09:09:46","slug":"empresa","status":"publish","type":"page","link":"https:\/\/actualstrategy.galde.app\/?page_id=31","title":{"rendered":"Empresa"},"content":{"rendered":"\t\t<div data-elementor-type=\"wp-page\" data-elementor-id=\"31\" class=\"elementor elementor-31\">\n\t\t\t\t\t\t\t\t\t<section class=\"elementor-section elementor-top-section elementor-element elementor-element-15a5c01 elementor-section-full_width elementor-section-height-default elementor-section-height-default\" data-id=\"15a5c01\" data-element_type=\"section\" data-settings=\"{&quot;background_background&quot;:&quot;classic&quot;}\">\n\t\t\t\t\t\t<div class=\"elementor-container elementor-column-gap-default\">\n\t\t\t\t\t<div class=\"elementor-column elementor-col-100 elementor-top-column elementor-element elementor-element-b28f4dd\" data-id=\"b28f4dd\" data-element_type=\"column\">\n\t\t\t<div class=\"elementor-widget-wrap elementor-element-populated\">\n\t\t\t\t\t\t\t\t<div class=\"elementor-element elementor-element-638233f elementor-widget elementor-widget-heading\" data-id=\"638233f\" data-element_type=\"widget\" data-widget_type=\"heading.default\">\n\t\t\t\t<div class=\"elementor-widget-container\">\n\t\t\t<style>\/*! elementor - v3.14.0 - 26-06-2023 *\/\n.elementor-heading-title{padding:0;margin:0;line-height:1}.elementor-widget-heading .elementor-heading-title[class*=elementor-size-]>a{color:inherit;font-size:inherit;line-height:inherit}.elementor-widget-heading .elementor-heading-title.elementor-size-small{font-size:15px}.elementor-widget-heading .elementor-heading-title.elementor-size-medium{font-size:19px}.elementor-widget-heading .elementor-heading-title.elementor-size-large{font-size:29px}.elementor-widget-heading .elementor-heading-title.elementor-size-xl{font-size:39px}.elementor-widget-heading .elementor-heading-title.elementor-size-xxl{font-size:59px}<\/style><h1 class=\"elementor-heading-title elementor-size-default\">Empresa<\/h1>\t\t<\/div>\n\t\t\t\t<\/div>\n\t\t\t\t<section class=\"elementor-section elementor-inner-section elementor-element elementor-element-273a6d7 elementor-section-full_width elementor-section-content-middle elementor-section-height-default elementor-section-height-default\" data-id=\"273a6d7\" data-element_type=\"section\">\n\t\t\t\t\t\t<div class=\"elementor-container elementor-column-gap-default\">\n\t\t\t\t\t<div class=\"elementor-column elementor-col-50 elementor-inner-column elementor-element elementor-element-44c0053\" data-id=\"44c0053\" data-element_type=\"column\">\n\t\t\t<div class=\"elementor-widget-wrap elementor-element-populated\">\n\t\t\t\t\t\t\t\t<div class=\"elementor-element elementor-element-521abea animated-slow elementor-invisible elementor-widget elementor-widget-image\" data-id=\"521abea\" data-element_type=\"widget\" data-settings=\"{&quot;_animation&quot;:&quot;fadeIn&quot;}\" data-widget_type=\"image.default\">\n\t\t\t\t<div class=\"elementor-widget-container\">\n\t\t\t<style>\/*! elementor - v3.14.0 - 26-06-2023 *\/\n.elementor-widget-image{text-align:center}.elementor-widget-image a{display:inline-block}.elementor-widget-image a img[src$=\".svg\"]{width:48px}.elementor-widget-image img{vertical-align:middle;display:inline-block}<\/style>\t\t\t\t\t\t\t\t\t\t\t\t<img loading=\"lazy\" decoding=\"async\" width=\"645\" height=\"430\" src=\"https:\/\/actualstrategy.galde.app\/wp-content\/uploads\/2023\/07\/gerencia_servicios.jpg\" class=\"attachment-large size-large wp-image-35\" alt=\"\" srcset=\"https:\/\/actualstrategy.galde.app\/wp-content\/uploads\/2023\/07\/gerencia_servicios.jpg 645w, https:\/\/actualstrategy.galde.app\/wp-content\/uploads\/2023\/07\/gerencia_servicios-300x200.jpg 300w\" sizes=\"auto, (max-width: 645px) 100vw, 645px\" \/>\t\t\t\t\t\t\t\t\t\t\t\t\t\t\t<\/div>\n\t\t\t\t<\/div>\n\t\t\t\t\t<\/div>\n\t\t<\/div>\n\t\t\t\t<div class=\"elementor-column elementor-col-50 elementor-inner-column elementor-element elementor-element-cafac0d\" data-id=\"cafac0d\" data-element_type=\"column\">\n\t\t\t<div class=\"elementor-widget-wrap elementor-element-populated\">\n\t\t\t\t\t\t\t\t<div class=\"elementor-element elementor-element-583a77c elementor-widget elementor-widget-heading\" data-id=\"583a77c\" data-element_type=\"widget\" data-widget_type=\"heading.default\">\n\t\t\t\t<div class=\"elementor-widget-container\">\n\t\t\t<p class=\"elementor-heading-title elementor-size-default\">Somos una empresa que ofrece servicios de:<\/p>\t\t<\/div>\n\t\t\t\t<\/div>\n\t\t\t\t<div class=\"elementor-element elementor-element-628c274 elementor-widget elementor-widget-text-editor\" data-id=\"628c274\" data-element_type=\"widget\" data-widget_type=\"text-editor.default\">\n\t\t\t\t<div class=\"elementor-widget-container\">\n\t\t\t<style>\/*! elementor - v3.14.0 - 26-06-2023 *\/\n.elementor-widget-text-editor.elementor-drop-cap-view-stacked .elementor-drop-cap{background-color:#69727d;color:#fff}.elementor-widget-text-editor.elementor-drop-cap-view-framed .elementor-drop-cap{color:#69727d;border:3px solid;background-color:transparent}.elementor-widget-text-editor:not(.elementor-drop-cap-view-default) .elementor-drop-cap{margin-top:8px}.elementor-widget-text-editor:not(.elementor-drop-cap-view-default) .elementor-drop-cap-letter{width:1em;height:1em}.elementor-widget-text-editor .elementor-drop-cap{float:left;text-align:center;line-height:1;font-size:50px}.elementor-widget-text-editor .elementor-drop-cap-letter{display:inline-block}<\/style>\t\t\t\t<ul><li>Direcci\u00f3n comercial y exportaciones.<\/li><li>Importaciones.<\/li><li>Marketing.<\/li><li>Comunicaci\u00f3n.<\/li><li>Soluciones globales para las empresas, ya sean peque\u00f1as, medianas o grandes.<\/li><\/ul>\t\t\t\t\t\t<\/div>\n\t\t\t\t<\/div>\n\t\t\t\t\t<\/div>\n\t\t<\/div>\n\t\t\t\t\t\t\t<\/div>\n\t\t<\/section>\n\t\t\t\t\t<\/div>\n\t\t<\/div>\n\t\t\t\t\t\t\t<\/div>\n\t\t<\/section>\n\t\t\t\t<section class=\"elementor-section elementor-top-section elementor-element elementor-element-de5e029 elementor-section-full_width elementor-section-height-default elementor-section-height-default\" data-id=\"de5e029\" data-element_type=\"section\">\n\t\t\t\t\t\t<div class=\"elementor-container elementor-column-gap-default\">\n\t\t\t\t\t<div class=\"elementor-column elementor-col-50 elementor-top-column elementor-element elementor-element-8234688\" data-id=\"8234688\" data-element_type=\"column\" data-settings=\"{&quot;background_background&quot;:&quot;classic&quot;}\">\n\t\t\t<div class=\"elementor-widget-wrap elementor-element-populated\">\n\t\t\t\t\t\t\t\t<div class=\"elementor-element elementor-element-9dcc555 elementor-widget elementor-widget-heading\" data-id=\"9dcc555\" data-element_type=\"widget\" data-widget_type=\"heading.default\">\n\t\t\t\t<div class=\"elementor-widget-container\">\n\t\t\t<h2 class=\"elementor-heading-title elementor-size-default\">Equipo<\/h2>\t\t<\/div>\n\t\t\t\t<\/div>\n\t\t\t\t<div class=\"elementor-element elementor-element-162661f elementor-widget elementor-widget-text-editor\" data-id=\"162661f\" data-element_type=\"widget\" data-widget_type=\"text-editor.default\">\n\t\t\t\t<div class=\"elementor-widget-container\">\n\t\t\t\t\t\t\t<p>Nuestro equipo est\u00e1 integrado tanto por gente joven con ideas innovadoras y atrevidas como con consultores senior con una larga experiencia de m\u00e1s de 35 a\u00f1os en mercados de todo el mundo. A trav\u00e9s de los a\u00f1os hemos trabajado para todo tipo de empresas, con infinidad de perfiles y tipolog\u00edas de productos diferentes.<\/p><p>Estamos abiertos a cualquier tipo de empresa y somos capaces de identificar clientes potenciales para sus productos en cualquier pa\u00eds, despertar su inter\u00e9s y poner el producto en cualquier lugar del mundo, siempre que el producto sea de calidad y competitivo.<\/p>\t\t\t\t\t\t<\/div>\n\t\t\t\t<\/div>\n\t\t\t\t\t<\/div>\n\t\t<\/div>\n\t\t\t\t<div class=\"elementor-column elementor-col-50 elementor-top-column elementor-element elementor-element-9a1ae26\" data-id=\"9a1ae26\" data-element_type=\"column\">\n\t\t\t<div class=\"elementor-widget-wrap elementor-element-populated\">\n\t\t\t\t\t\t\t\t<div class=\"elementor-element elementor-element-726e6aa elementor-widget elementor-widget-heading\" data-id=\"726e6aa\" data-element_type=\"widget\" data-widget_type=\"heading.default\">\n\t\t\t\t<div class=\"elementor-widget-container\">\n\t\t\t<h2 class=\"elementor-heading-title elementor-size-default\">Objetivos<\/h2>\t\t<\/div>\n\t\t\t\t<\/div>\n\t\t\t\t<div class=\"elementor-element elementor-element-8b40c94 elementor-widget elementor-widget-text-editor\" data-id=\"8b40c94\" data-element_type=\"widget\" data-widget_type=\"text-editor.default\">\n\t\t\t\t<div class=\"elementor-widget-container\">\n\t\t\t\t\t\t\t<p>Ofrecer servicios de calidad dentro de los diferentes \u00e1mbitos comerciales y estrat\u00e9gicos de las empresas, dirigidos a optimizar su red comercial, hacer crecer su cartera de clientes y fidelizarlos, incrementar el valor a\u00f1adido que les ofrecen, aportar una identificaci\u00f3n diferencial y aumentar los beneficios.<\/p><p>Promover el intercambio comercial bilateral entre Europa y Asia, y en especial entre Espa\u00f1a y Singapur.<\/p>\t\t\t\t\t\t<\/div>\n\t\t\t\t<\/div>\n\t\t\t\t\t<\/div>\n\t\t<\/div>\n\t\t\t\t\t\t\t<\/div>\n\t\t<\/section>\n\t\t\t\t<section class=\"elementor-section elementor-top-section elementor-element elementor-element-66f1032 elementor-section-full_width elementor-section-height-default elementor-section-height-default\" data-id=\"66f1032\" data-element_type=\"section\" data-settings=\"{&quot;background_background&quot;:&quot;classic&quot;}\">\n\t\t\t\t\t\t<div class=\"elementor-container elementor-column-gap-default\">\n\t\t\t\t\t<div class=\"elementor-column elementor-col-100 elementor-top-column elementor-element elementor-element-b5fec73\" data-id=\"b5fec73\" data-element_type=\"column\">\n\t\t\t<div class=\"elementor-widget-wrap elementor-element-populated\">\n\t\t\t\t\t\t\t\t<section class=\"elementor-section elementor-inner-section elementor-element elementor-element-2338c31 elementor-section-full_width elementor-section-content-middle elementor-section-height-default elementor-section-height-default\" data-id=\"2338c31\" data-element_type=\"section\">\n\t\t\t\t\t\t<div class=\"elementor-container elementor-column-gap-default\">\n\t\t\t\t\t<div class=\"elementor-column elementor-col-50 elementor-inner-column elementor-element elementor-element-7501d71\" data-id=\"7501d71\" data-element_type=\"column\">\n\t\t\t<div class=\"elementor-widget-wrap elementor-element-populated\">\n\t\t\t\t\t\t\t\t<div class=\"elementor-element elementor-element-1e7d6b9 elementor-widget elementor-widget-heading\" data-id=\"1e7d6b9\" data-element_type=\"widget\" data-widget_type=\"heading.default\">\n\t\t\t\t<div class=\"elementor-widget-container\">\n\t\t\t<h2 class=\"elementor-heading-title elementor-size-default\">Valores<\/h2>\t\t<\/div>\n\t\t\t\t<\/div>\n\t\t\t\t<div class=\"elementor-element elementor-element-247c7b3 elementor-widget elementor-widget-text-editor\" data-id=\"247c7b3\" data-element_type=\"widget\" data-widget_type=\"text-editor.default\">\n\t\t\t\t<div class=\"elementor-widget-container\">\n\t\t\t\t\t\t\t<p><strong>Motivaci\u00f3n\u00a0<\/strong>hacia nuestros clientes, sinti\u00e9ndonos integrantes de su empresa y viendo sus productos o servicios como si fuesen nuestros.<\/p><p><strong>Dedicaci\u00f3n\u00a0<\/strong>sistem\u00e1tica a las tareas acordadas y adherencia a los tiempos y calendarios de acciones establecidas.<\/p><p><strong>Flexibilidad\u00a0<\/strong>de adaptaci\u00f3n a las nuevas necesidades estrat\u00e9gicas que se puedan dar en cada momento.<\/p><p><strong>Confidencialidad\u00a0<\/strong>sobre todas las informaciones recibidas de las empresas, as\u00ed como sobre sus objetivos y planes futuros.<\/p><p><strong>Seriedad de trato, integridad y profesionalidad\u00a0<\/strong>en el desarrollo de las tareas que nuestros clientes nos encargan.<\/p>\t\t\t\t\t\t<\/div>\n\t\t\t\t<\/div>\n\t\t\t\t\t<\/div>\n\t\t<\/div>\n\t\t\t\t<div class=\"elementor-column elementor-col-50 elementor-inner-column elementor-element elementor-element-078dda7\" data-id=\"078dda7\" data-element_type=\"column\">\n\t\t\t<div class=\"elementor-widget-wrap elementor-element-populated\">\n\t\t\t\t\t\t\t\t<div class=\"elementor-element elementor-element-fcac69b animated-slow elementor-invisible elementor-widget elementor-widget-image\" data-id=\"fcac69b\" data-element_type=\"widget\" data-settings=\"{&quot;_animation&quot;:&quot;fadeIn&quot;}\" data-widget_type=\"image.default\">\n\t\t\t\t<div class=\"elementor-widget-container\">\n\t\t\t\t\t\t\t\t\t\t\t\t\t\t\t<img loading=\"lazy\" decoding=\"async\" width=\"1024\" height=\"576\" src=\"https:\/\/actualstrategy.galde.app\/wp-content\/uploads\/2023\/07\/valores_corporativos-1024x576.jpg\" class=\"attachment-large size-large wp-image-43\" alt=\"\" srcset=\"https:\/\/actualstrategy.galde.app\/wp-content\/uploads\/2023\/07\/valores_corporativos-1024x576.jpg 1024w, https:\/\/actualstrategy.galde.app\/wp-content\/uploads\/2023\/07\/valores_corporativos-300x169.jpg 300w, https:\/\/actualstrategy.galde.app\/wp-content\/uploads\/2023\/07\/valores_corporativos-768x432.jpg 768w, https:\/\/actualstrategy.galde.app\/wp-content\/uploads\/2023\/07\/valores_corporativos.jpg 1200w\" sizes=\"auto, (max-width: 1024px) 100vw, 1024px\" \/>\t\t\t\t\t\t\t\t\t\t\t\t\t\t\t<\/div>\n\t\t\t\t<\/div>\n\t\t\t\t\t<\/div>\n\t\t<\/div>\n\t\t\t\t\t\t\t<\/div>\n\t\t<\/section>\n\t\t\t\t\t<\/div>\n\t\t<\/div>\n\t\t\t\t\t\t\t<\/div>\n\t\t<\/section>\n\t\t\t\t<section class=\"elementor-section elementor-top-section elementor-element elementor-element-16c0b60 elementor-section-full_width elementor-section-height-default elementor-section-height-default\" data-id=\"16c0b60\" data-element_type=\"section\">\n\t\t\t\t\t\t<div class=\"elementor-container elementor-column-gap-default\">\n\t\t\t\t\t<div class=\"elementor-column elementor-col-100 elementor-top-column elementor-element elementor-element-3f47191\" data-id=\"3f47191\" data-element_type=\"column\" data-settings=\"{&quot;background_background&quot;:&quot;classic&quot;}\">\n\t\t\t<div class=\"elementor-widget-wrap elementor-element-populated\">\n\t\t\t\t\t\t\t\t<div class=\"elementor-element elementor-element-0037965 elementor-widget elementor-widget-heading\" data-id=\"0037965\" data-element_type=\"widget\" data-widget_type=\"heading.default\">\n\t\t\t\t<div class=\"elementor-widget-container\">\n\t\t\t<h2 class=\"elementor-heading-title elementor-size-default\">Ventajas<\/h2>\t\t<\/div>\n\t\t\t\t<\/div>\n\t\t\t\t<div class=\"elementor-element elementor-element-483b467 elementor-widget elementor-widget-eael-adv-accordion\" data-id=\"483b467\" data-element_type=\"widget\" data-widget_type=\"eael-adv-accordion.default\">\n\t\t\t\t<div class=\"elementor-widget-container\">\n\t\t\t        <div class=\"eael-adv-accordion\" id=\"eael-adv-accordion-483b467\" data-accordion-id=\"483b467\" data-accordion-type=\"accordion\" data-toogle-speed=\"300\">\n    <div class=\"eael-accordion-list\">\n                <div id=\"reduccin-de-costes\" class=\"elementor-tab-title eael-accordion-header\" tabindex=\"7571\" data-tab=\"1\" aria-controls=\"elementor-tab-content-7571\"><span class=\"eael-advanced-accordion-icon-closed\"><i aria-hidden=\"true\" class=\"fa-accordion-icon fas fa-plus\"><\/i><\/span><span class=\"eael-advanced-accordion-icon-opened\"><i aria-hidden=\"true\" class=\"fa-accordion-icon fas fa-minus\"><\/i><\/span><span class=\"eael-accordion-tab-title\">Reducci\u00f3n de Costes<\/span><\/div><div id=\"elementor-tab-content-7571\" class=\"eael-accordion-content clearfix\" data-tab=\"1\" aria-labelledby=\"reduccin-de-costes\"><p><p>El coste que representamos para las empresas es una fracci\u00f3n muy peque\u00f1a de lo que les representar\u00eda contratar personal interno fijo para realizar las mismas tareas.<\/p><\/p><\/div>\n                <\/div><div class=\"eael-accordion-list\">\n                <div id=\"ahorro-de-espacio\" class=\"elementor-tab-title eael-accordion-header\" tabindex=\"7572\" data-tab=\"2\" aria-controls=\"elementor-tab-content-7572\"><span class=\"eael-advanced-accordion-icon-closed\"><i aria-hidden=\"true\" class=\"fa-accordion-icon fas fa-plus\"><\/i><\/span><span class=\"eael-advanced-accordion-icon-opened\"><i aria-hidden=\"true\" class=\"fa-accordion-icon fas fa-minus\"><\/i><\/span><span class=\"eael-accordion-tab-title\">Ahorro de Espacio<\/span><\/div><div id=\"elementor-tab-content-7572\" class=\"eael-accordion-content clearfix\" data-tab=\"2\" aria-labelledby=\"ahorro-de-espacio\"><p><p>Ahorramos espacio, tiempo y dinero a nuestros clientes, ocup\u00e1ndonos de numerosas tareas tanto estrat\u00e9gicas como mec\u00e1nicas, que requieren conocimientos espec\u00edficos, m\u00e9todos, hardware, software y m\u00e1quinas apropiadas, pero tambi\u00e9n un lugar f\u00edsico considerable, y sobre todo, mucho tiempo.<\/p><\/p><\/div>\n                <\/div><div class=\"eael-accordion-list\">\n                <div id=\"interlocutor-nico\" class=\"elementor-tab-title eael-accordion-header\" tabindex=\"7573\" data-tab=\"3\" aria-controls=\"elementor-tab-content-7573\"><span class=\"eael-advanced-accordion-icon-closed\"><i aria-hidden=\"true\" class=\"fa-accordion-icon fas fa-plus\"><\/i><\/span><span class=\"eael-advanced-accordion-icon-opened\"><i aria-hidden=\"true\" class=\"fa-accordion-icon fas fa-minus\"><\/i><\/span><span class=\"eael-accordion-tab-title\">Interlocutor \u00danico<\/span><\/div><div id=\"elementor-tab-content-7573\" class=\"eael-accordion-content clearfix\" data-tab=\"3\" aria-labelledby=\"interlocutor-nico\"><p><p>Al ofrecer un amplio abanico de servicios, las empresas pueden centralizar en <strong>Actual Strategy<\/strong> una serie de tareas que, de otra forma, tendr\u00edan que contratar a varias empresas diferentes. El hecho de tener un mismo interlocutor para diferentes temas ahorra tiempo y facilita el establecimiento de las sinergias, empat\u00edas, interrelaciones e interdependencias, resultando en una mayor confianza y efectividad.<\/p><\/p><\/div>\n                <\/div><div class=\"eael-accordion-list\">\n                <div id=\"objetividad\" class=\"elementor-tab-title eael-accordion-header\" tabindex=\"7574\" data-tab=\"4\" aria-controls=\"elementor-tab-content-7574\"><span class=\"eael-advanced-accordion-icon-closed\"><i aria-hidden=\"true\" class=\"fa-accordion-icon fas fa-plus\"><\/i><\/span><span class=\"eael-advanced-accordion-icon-opened\"><i aria-hidden=\"true\" class=\"fa-accordion-icon fas fa-minus\"><\/i><\/span><span class=\"eael-accordion-tab-title\">Objetividad<\/span><\/div><div id=\"elementor-tab-content-7574\" class=\"eael-accordion-content clearfix\" data-tab=\"4\" aria-labelledby=\"objetividad\"><p><p>Siendo Consultores Externos y multidisciplinarios vemos la realidad de las empresas desde fuera, con una clara objetividad, lo que nos facilita la formulaci\u00f3n de diagn\u00f3sticos imparciales y la aplicaci\u00f3n de los recursos necesarios en cada momento y para cada misi\u00f3n.<\/p><\/p><\/div>\n                <\/div><div class=\"eael-accordion-list\">\n                <div id=\"operatividad-permanente\" class=\"elementor-tab-title eael-accordion-header\" tabindex=\"7575\" data-tab=\"5\" aria-controls=\"elementor-tab-content-7575\"><span class=\"eael-advanced-accordion-icon-closed\"><i aria-hidden=\"true\" class=\"fa-accordion-icon fas fa-plus\"><\/i><\/span><span class=\"eael-advanced-accordion-icon-opened\"><i aria-hidden=\"true\" class=\"fa-accordion-icon fas fa-minus\"><\/i><\/span><span class=\"eael-accordion-tab-title\">Operatividad Permanente<\/span><\/div><div id=\"elementor-tab-content-7575\" class=\"eael-accordion-content clearfix\" data-tab=\"5\" aria-labelledby=\"operatividad-permanente\"><p><p>Ya que no cerramos nunca por vacaciones. Las inactividades causadas por las bajas de enfermedad, accidentes o maternidad tampoco son un factor, ya que trabajamos con un contrato de servicios.<\/p><\/p><\/div>\n                <\/div><div class=\"eael-accordion-list\">\n                <div id=\"eliminacin-del-riesgo-de-rotacin-de-personal\" class=\"elementor-tab-title eael-accordion-header\" tabindex=\"7576\" data-tab=\"6\" aria-controls=\"elementor-tab-content-7576\"><span class=\"eael-advanced-accordion-icon-closed\"><i aria-hidden=\"true\" class=\"fa-accordion-icon fas fa-plus\"><\/i><\/span><span class=\"eael-advanced-accordion-icon-opened\"><i aria-hidden=\"true\" class=\"fa-accordion-icon fas fa-minus\"><\/i><\/span><span class=\"eael-accordion-tab-title\">Eliminaci\u00f3n del Riesgo de Rotaci\u00f3n de Personal<\/span><\/div><div id=\"elementor-tab-content-7576\" class=\"eael-accordion-content clearfix\" data-tab=\"6\" aria-labelledby=\"eliminacin-del-riesgo-de-rotacin-de-personal\"><p><p>Al ser consultores externos y no buscar aumentos de sueldo, cambiando de una empresa a otra.<\/p><\/p><\/div>\n                <\/div><\/div>\t\t<\/div>\n\t\t\t\t<\/div>\n\t\t\t\t\t<\/div>\n\t\t<\/div>\n\t\t\t\t\t\t\t<\/div>\n\t\t<\/section>\n\t\t\t\t\t\t\t<\/div>\n\t\t","protected":false},"excerpt":{"rendered":"<p>Empresa Somos una empresa que ofrece servicios de: Direcci\u00f3n comercial y exportaciones. Importaciones. Marketing. Comunicaci\u00f3n. Soluciones globales para las empresas, ya sean peque\u00f1as, medianas o grandes. Equipo Nuestro equipo est\u00e1 integrado tanto por gente joven con ideas innovadoras y atrevidas como con consultores senior con una larga experiencia de m\u00e1s de 35 a\u00f1os en mercados &hellip;<\/p>\n<p class=\"read-more\"> <a class=\"\" href=\"https:\/\/actualstrategy.galde.app\/?page_id=31\"> <span class=\"screen-reader-text\">Empresa<\/span> Read More &raquo;<\/a><\/p>\n","protected":false},"author":1,"featured_media":0,"parent":0,"menu_order":0,"comment_status":"closed","ping_status":"closed","template":"","meta":{"site-sidebar-layout":"no-sidebar","site-content-layout":"page-builder","ast-global-header-display":"","ast-banner-title-visibility":"","ast-main-header-display":"","ast-hfb-above-header-display":"","ast-hfb-below-header-display":"","ast-hfb-mobile-header-display":"","site-post-title":"disabled","ast-breadcrumbs-content":"","ast-featured-img":"disabled","footer-sml-layout":"","theme-transparent-header-meta":"default","adv-header-id-meta":"","stick-header-meta":"","header-above-stick-meta":"","header-main-stick-meta":"","header-below-stick-meta":"","footnotes":""},"class_list":["post-31","page","type-page","status-publish","hentry"],"_links":{"self":[{"href":"https:\/\/actualstrategy.galde.app\/index.php?rest_route=\/wp\/v2\/pages\/31","targetHints":{"allow":["GET"]}}],"collection":[{"href":"https:\/\/actualstrategy.galde.app\/index.php?rest_route=\/wp\/v2\/pages"}],"about":[{"href":"https:\/\/actualstrategy.galde.app\/index.php?rest_route=\/wp\/v2\/types\/page"}],"author":[{"embeddable":true,"href":"https:\/\/actualstrategy.galde.app\/index.php?rest_route=\/wp\/v2\/users\/1"}],"replies":[{"embeddable":true,"href":"https:\/\/actualstrategy.galde.app\/index.php?rest_route=%2Fwp%2Fv2%2Fcomments&post=31"}],"version-history":[{"count":19,"href":"https:\/\/actualstrategy.galde.app\/index.php?rest_route=\/wp\/v2\/pages\/31\/revisions"}],"predecessor-version":[{"id":63,"href":"https:\/\/actualstrategy.galde.app\/index.php?rest_route=\/wp\/v2\/pages\/31\/revisions\/63"}],"wp:attachment":[{"href":"https:\/\/actualstrategy.galde.app\/index.php?rest_route=%2Fwp%2Fv2%2Fmedia&parent=31"}],"curies":[{"name":"wp","href":"https:\/\/api.w.org\/{rel}","templated":true}]}}