{"id":3,"date":"2023-05-28T22:08:39","date_gmt":"2023-05-28T22:08:39","guid":{"rendered":"https:\/\/actualstrategy.galde.app\/?page_id=3"},"modified":"2023-07-22T12:31:05","modified_gmt":"2023-07-22T10:31:05","slug":"politica-privacidad","status":"publish","type":"page","link":"https:\/\/actualstrategy.galde.app\/?page_id=3","title":{"rendered":"Pol\u00edtica de Privacidad"},"content":{"rendered":"\r\n<h2 class=\"wp-block-heading\">\u00a0<\/h2>\r\n<h2>Pol\u00edtica de Protecci\u00f3n de Datos<\/h2>\r\n<p>A continuaci\u00f3n, te indicamos la informaci\u00f3n acerca de nuestras pol\u00edticas de Protecci\u00f3n de Datos aplicable al tratamiento\u00a0<strong>\u00ab<\/strong><b><strong>Usuarios web\u00bb<\/strong><\/b>\u00a0que llevamos a cabo en nuestro sitio web:<\/p>\r\n<h3><b><strong>Usuarios web<\/strong><\/b><\/h3>\r\n<p><b><strong>Identificaci\u00f3n del Responsable.\u00a0<\/strong><\/b>Le informamos que los datos personales que Usted nos proporciona son incorporados a un tratamiento de datos personales denominado USUARIOS WEB cuyo responsable es Actual Strategy for Business, S.L. con NIF B75196691 y con direcci\u00f3n postal en Pol\u00edgono Txatxamendi 53, Pol. 110 Lezo (20100 &#8211; Gipuzkoa &#8211; Espa\u00f1a). Puede contactar con el Responsable, bien por tel\u00e9fono en el n\u00famero (+34) 943 34 45 87 o bien mediante correo electr\u00f3nico en la direcci\u00f3n <a href=\"mailto:actualstrategy@actualstrategy.com\" target=\"_blank\" rel=\"noopener\">actualstrategy@actualstrategy.com<\/a>.<\/p>\r\n<p><b><strong>Delegado de Protecci\u00f3n de Datos.\u00a0<\/strong><\/b>No existe Delegado de protecci\u00f3n de datos en esta entidad.<\/p>\r\n<p><b><strong>Finalidad.\u00a0<\/strong><\/b>Tratamos la informaci\u00f3n que nos facilitan las personas interesadas con el fin de gestionar los pedidos y, en general, llevar a cabo la gesti\u00f3n comercial y administrativa del contrato de compraventa.<\/p>\r\n<p><b><strong>Plazo de Conservaci\u00f3n.\u00a0<\/strong><\/b>El plazo de conservaci\u00f3n de sus datos personales ser\u00e1 de: Los datos se conservar\u00e1n mientras dure la relaci\u00f3n comercial, mientras no se solicite su supresi\u00f3n por el interesado. y en todo caso, mientras perdure la obligaci\u00f3n legal de conservarlos.<\/p>\r\n<p><b><strong>Decisiones automatizadas y elaboraci\u00f3n de perfiles.\u00a0<\/strong><\/b>Le informamos que no existen decisiones automatizadas incluyendo la elaboraci\u00f3n de perfiles.<\/p>\r\n<p><b><strong>Base Jur\u00eddica del Tratamiento.\u00a0<\/strong><\/b>El tratamiento tiene su base en la preparaci\u00f3n y ejecuci\u00f3n de la relaci\u00f3n comercial.<\/p>\r\n<p><b><strong>Destinatarios de cesiones.\u00a0<\/strong><\/b>No se prev\u00e9 la cesi\u00f3n ni la comunicaci\u00f3n de datos a terceros.<\/p>\r\n<p>Te informamos de que existen empresas que nos prestan servicios y pueden acceder por motivo de su trabajo leg\u00edtima y confidencialmente a tus datos. Se considerar\u00e1n Encargados del Tratamiento de tus datos:<\/p>\r\n<ul>\r\n<li>Empresas de mantenimiento inform\u00e1tico.<\/li>\r\n<li>Asesor\u00eda fiscal, contable y laboral.<\/li>\r\n<li>Asesor\u00eda legal.<\/li>\r\n<\/ul>\r\n<p><b><strong>Transferencias Internacionales.\u00a0<\/strong><\/b>Nuestros servidores y oficinas se encuentran en Espa\u00f1a, y no se prev\u00e9 transferencia internacional de datos.<\/p>\r\n<p>Utilizamos ciertos servicios (copias de seguridad, sistemas de ofim\u00e1tica, proveedores de correo electr\u00f3nico, \u2026) con empresas ubicadas en los EEUU, estas empresas se encuentran bajo el Acuerdo de Privacy Shield con lo que disponen de unos niveles de protecci\u00f3n de la privacidad considerados adecuados por la UE. Sin embargo, desde el d\u00eda 16\/07\/2020 hasta el presente, se anula la validez del Acuerdo de Privacy Shield, pero entran en vigor las EU Model Contract Clauses (MCCs), tambi\u00e9n conocidas como las Cl\u00e1usulas Contractuales Est\u00e1ndares. Tienes m\u00e1s informaci\u00f3n de este hecho en el blog de Google Cloud:\u00a0<a href=\"https:\/\/cloud.google.com\/blog\/products\/identity-security\/google-clouds-commitment-to-eu-international-data-transfers-and-the-cjeu-ruling\">https:\/\/cloud.google.com\/blog\/products\/identity-security\/google-clouds-commitment-to-eu-international-data-transfers-and-the-cjeu-ruling<\/a><\/p>\r\n<p><b><strong>Derechos.\u00a0<\/strong><\/b>Cualquier persona tiene derecho a obtener informaci\u00f3n sobre si en nuestra compa\u00f1\u00eda estamos tratando datos personales que les conciernan o no. Las personas interesadas tienen derecho a acceder a sus datos personales, as\u00ed como a solicitar su rectificaci\u00f3n si \u00e9stos fueran inexactos o, en su caso a su supresi\u00f3n cuando, entre otros motivos, los datos ya no sean necesarios para los fines para los que se proporcionaron. En determinadas circunstancias, podr\u00e1n tambi\u00e9n solicitar la limitaci\u00f3n de su tratamiento, en cuyo caso \u00fanicamente los conservaremos para el ejercicio o defensa de reclamaciones. En determinadas circunstancias y por motivos relacionados con su situaci\u00f3n particular, los interesados podr\u00e1n oponerse al tratamiento de sus datos. En este caso, se dejar\u00e1 de tratar estos datos, salvo por motivos leg\u00edtimos o para la defensa de posibles reclamaciones. En determinadas circunstancias el interesado podr\u00e1 solicitar la portabilidad de los datos y se le entregar\u00e1n en formato electr\u00f3nico, estructurado y de uso habitual de modo que se permita seguir utiliz\u00e1ndolo en otro sistema o aplicaci\u00f3n inform\u00e1tica.<\/p>\r\n<p>En el caso de que se haya otorgado el consentimiento para alguna finalidad espec\u00edfica, tiene derecho a retirar el consentimiento en cualquier momento.<\/p>\r\n<p>Para ejercer estos derechos puede utilizar los formularios que se encuentran a su disposici\u00f3n en nuestras oficinas o utilizar los modelos ofrecidos por la Agencia Espa\u00f1ola de Protecci\u00f3n de Datos en su web:\u00a0<a href=\"https:\/\/www.aepd.es\/\">www.aepd.es<\/a>, donde tambi\u00e9n dispone de informaci\u00f3n adicional sobre sus derechos. Deber\u00e1n entonces, remitir dicha solicitud acompa\u00f1ada de copia de su DNI o pasaporte a la direcci\u00f3n: Pol\u00edgono Txatxamendi 53, Pol. 110 Lezo (20100 &#8211; Gipuzkoa &#8211; Espa\u00f1a), o al email <a href=\"mailto:actualstrategy@actualstrategy.com\" target=\"_blank\" rel=\"noopener\">actualstrategy@actualstrategy.com<\/a>.<\/p>\r\n<p>&nbsp;<\/p>\r\n<p>&nbsp;<\/p>\r\n","protected":false},"excerpt":{"rendered":"<p>\u00a0 Pol\u00edtica de Protecci\u00f3n de Datos A continuaci\u00f3n, te indicamos la informaci\u00f3n acerca de nuestras pol\u00edticas de Protecci\u00f3n de Datos aplicable al tratamiento\u00a0\u00abUsuarios web\u00bb\u00a0que llevamos a cabo en nuestro sitio web: Usuarios web Identificaci\u00f3n del Responsable.\u00a0Le informamos que los datos personales que Usted nos proporciona son incorporados a un tratamiento de datos personales denominado USUARIOS &hellip;<\/p>\n<p class=\"read-more\"> <a class=\"\" href=\"https:\/\/actualstrategy.galde.app\/?page_id=3\"> <span class=\"screen-reader-text\">Pol\u00edtica de Privacidad<\/span> Read More &raquo;<\/a><\/p>\n","protected":false},"author":1,"featured_media":0,"parent":0,"menu_order":0,"comment_status":"closed","ping_status":"open","template":"","meta":{"site-sidebar-layout":"default","site-content-layout":"default","ast-global-header-display":"","ast-banner-title-visibility":"","ast-main-header-display":"","ast-hfb-above-header-display":"","ast-hfb-below-header-display":"","ast-hfb-mobile-header-display":"","site-post-title":"","ast-breadcrumbs-content":"","ast-featured-img":"","footer-sml-layout":"","theme-transparent-header-meta":"default","adv-header-id-meta":"","stick-header-meta":"","header-above-stick-meta":"","header-main-stick-meta":"","header-below-stick-meta":"","footnotes":""},"class_list":["post-3","page","type-page","status-publish","hentry"],"_links":{"self":[{"href":"https:\/\/actualstrategy.galde.app\/index.php?rest_route=\/wp\/v2\/pages\/3","targetHints":{"allow":["GET"]}}],"collection":[{"href":"https:\/\/actualstrategy.galde.app\/index.php?rest_route=\/wp\/v2\/pages"}],"about":[{"href":"https:\/\/actualstrategy.galde.app\/index.php?rest_route=\/wp\/v2\/types\/page"}],"author":[{"embeddable":true,"href":"https:\/\/actualstrategy.galde.app\/index.php?rest_route=\/wp\/v2\/users\/1"}],"replies":[{"embeddable":true,"href":"https:\/\/actualstrategy.galde.app\/index.php?rest_route=%2Fwp%2Fv2%2Fcomments&post=3"}],"version-history":[{"count":1,"href":"https:\/\/actualstrategy.galde.app\/index.php?rest_route=\/wp\/v2\/pages\/3\/revisions"}],"predecessor-version":[{"id":93,"href":"https:\/\/actualstrategy.galde.app\/index.php?rest_route=\/wp\/v2\/pages\/3\/revisions\/93"}],"wp:attachment":[{"href":"https:\/\/actualstrategy.galde.app\/index.php?rest_route=%2Fwp%2Fv2%2Fmedia&parent=3"}],"curies":[{"name":"wp","href":"https:\/\/api.w.org\/{rel}","templated":true}]}}