{"id":101,"date":"2023-07-22T12:41:26","date_gmt":"2023-07-22T10:41:26","guid":{"rendered":"https:\/\/actualstrategy.galde.app\/?page_id=101"},"modified":"2023-07-22T12:41:26","modified_gmt":"2023-07-22T10:41:26","slug":"aviso-legal","status":"publish","type":"page","link":"https:\/\/actualstrategy.galde.app\/?page_id=101","title":{"rendered":"Aviso Legal"},"content":{"rendered":"<h2 data-fontsize=\"18\" data-lineheight=\"27\">Datos del Responsable<\/h2>\n<ul>\n<li><b>Identidad del Responsable:<\/b> Actual Strategy for Business, S.L.<\/li>\n<li><b>Nombre comercial:<\/b> Actual Strategy<\/li>\n<li><b>NIF\/CIF:<\/b> B75196691<\/li>\n<li><strong>Tel\u00e9fono:\u00a0<\/strong>943 34 45 87<\/li>\n<li><b>Direcci\u00f3n:<\/b> Txatxamendi 53, Pol. 110 Lezo (20100 &#8211; Gipuzkoa &#8211; Espa\u00f1a)<\/li>\n<li><b>Correo electr\u00f3nico:\u00a0<\/b><a href=\"mailto:actualstrategy@actualstrategy.com\" target=\"_blank\" rel=\"noopener\">actualstrategy@actualstrategy.com<\/a><\/li>\n<li><strong>Inscripci\u00f3n en el Registro Mercantil:<\/strong>Registro Mercantil de Gipuzkoa, Tomo 2849, Folio 219, Hoja SS-40527, Inscripci\u00f3n 1\u00aa.<\/li>\n<\/ul>\n<p>En este espacio, el usuario, podr\u00e1 encontrar toda la informaci\u00f3n relativa a los t\u00e9rminos y condiciones legales que definen las relaciones entre los usuarios y nosotros como responsables de esta web. Como usuario, es importante que conozcas estos t\u00e9rminos antes de continuar tu navegaci\u00f3n.<\/p>\n<p>Actual Strategy (Actual Strategy for Business, S.L.) como responsable de esta web, asume el compromiso de procesar la informaci\u00f3n de nuestros usuarios y clientes con plenas garant\u00edas y cumplir con los requisitos nacionales y europeos que regulan la recopilaci\u00f3n y uso de los datos personales de sus usuarios.<\/p>\n<p>Esta web, por tanto, cumple rigurosamente con La Ley Org\u00e1nica 15\/1999, de 13 de diciembre, de Protecci\u00f3n de Datos de Car\u00e1cter Personal (LOPD), y con el Real Decreto 1720\/2007, de 21 de diciembre, conocido como el Reglamento de desarrollo de la LOPD. Cumple tambi\u00e9n con el Reglamento (UE) 2016\/679 del Parlamento Europeo y del Consejo de 27 de abril de 2016 relativo a la protecci\u00f3n de las personas f\u00edsicas (RGPD), as\u00ed como con la Ley 34\/2002, de 11 de julio, de Servicios de la Sociedad de la Informaci\u00f3n y Comercio Electr\u00f3nico (LSSICE \u00f3 LSSI).<\/p>\n<h2 data-fontsize=\"18\" data-lineheight=\"27\">Condiciones generales de uso<\/h2>\n<p>Las presentes Condiciones Generales regulan el uso (incluyendo el mero acceso) de las p\u00e1ginas de web, integrantes del sitio web de Actual Strategy incluidos los contenidos y servicios puestos a disposici\u00f3n en ellas. Toda persona que acceda a la web, <a href=\"https:\/\/actualstrategy.com\" target=\"_blank\" rel=\"noopener\">https:\/\/actualstrategy.com<\/a> (\u201cusuario\u201d) acepta someterse a las Condiciones Generales vigentes en cada momento del portal <a href=\"https:\/\/actualstrategy.com\" target=\"_blank\" rel=\"noopener\">https:\/\/actualstrategy.com<\/a>.<\/p>\n<h2 data-fontsize=\"18\" data-lineheight=\"27\">Datos personales que recabamos y c\u00f3mo lo hacemos<\/h2>\n<p>Leer\u00a0<a href=\"https:\/\/actualstrategy.com\/politica-privacidad\/\">Pol\u00edtica de Privacidad<\/a>.<\/p>\n<h2 data-fontsize=\"18\" data-lineheight=\"27\">Compromisos y obligaciones de los usuarios<\/h2>\n<p>El usuario queda informado, y acepta, que el acceso a la presente web no supone, en modo alguno, el inicio de una relaci\u00f3n comercial con Actual Strategy. De esta forma, el usuario se compromete a utilizar el sitio web, sus servicios y contenidos sin contravenir la legislaci\u00f3n vigente, la buena fe y el orden p\u00fablico.<\/p>\n<p>Queda prohibido el uso de la web, con fines il\u00edcitos o lesivos, o que, de cualquier forma, puedan causar perjuicio o impedir el normal funcionamiento del sitio web. Respecto de los contenidos de esta web, se proh\u00edbe:<\/p>\n<ul>\n<li>Su reproducci\u00f3n, distribuci\u00f3n o modificaci\u00f3n, total o parcial, a menos que se cuente con la autorizaci\u00f3n de sus leg\u00edtimos titulares;<\/li>\n<li>Cualquier vulneraci\u00f3n de los derechos del prestador o de los leg\u00edtimos titulares;<\/li>\n<li>Su utilizaci\u00f3n para fines comerciales o publicitarios.<\/li>\n<\/ul>\n<p>En la utilizaci\u00f3n de la web, <a href=\"https:\/\/actualstrategy.com\" target=\"_blank\" rel=\"noopener\">https:\/\/actualstrategy.com<\/a>\u00a0el usuario se compromete a no llevar a cabo\u00a0<b>ninguna conducta<\/b> que pudiera da\u00f1ar la imagen, los intereses y los derechos de Actual Strategy o de terceros o que pudiera da\u00f1ar, inutilizar o sobrecargar el portal <a href=\"https:\/\/actualstrategy.com\" target=\"_blank\" rel=\"noopener\">https:\/\/actualstrategy.com<\/a> o que impidiera, de cualquier forma, la normal utilizaci\u00f3n de la web.<\/p>\n<p>No obstante, el usuario debe ser consciente de que las medidas de seguridad de los sistemas inform\u00e1ticos en Internet no son enteramente fiables y que, por tanto <a href=\"https:\/\/actualstrategy.com\" target=\"_blank\" rel=\"noopener\">https:\/\/actualstrategy.com<\/a> no puede garantizar la inexistencia de malware u otros elementos que puedan producir alteraciones en los sistemas inform\u00e1ticos (software y hardware) del usuario o en sus documentos electr\u00f3nicos y ficheros contenidos en los mismos aunque ponemos todos los medios necesarios y las medidas de seguridad oportunas para evitar la presencia de estos elementos da\u00f1inos.<\/p>\n<h2 data-fontsize=\"18\" data-lineheight=\"27\">Medidas de seguridad<\/h2>\n<p>Los datos personales comunicados por el usuario a Actual Strategy pueden ser almacenados en bases de datos automatizadas o no, cuya titularidad corresponde en exclusiva a Actual Strategy for Business, S.L., asumiendo este todas las medidas de \u00edndole t\u00e9cnica, organizativa y de seguridad que garantizan la confidencialidad, integridad y calidad de la informaci\u00f3n contenida en las mismas de acuerdo con lo establecido en la normativa vigente en protecci\u00f3n de datos. La comunicaci\u00f3n entre los usuarios y <a href=\"https:\/\/actualstrategy.com\" target=\"_blank\" rel=\"noopener\">https:\/\/actualstrategy.com<\/a> utiliza un canal seguro, y los datos transmitidos son cifrados gracias al protocolo HTTPS, por tanto garantizando las mejores condiciones de seguridad para salvaguardar la confidencialidad de los usuarios.<\/p>\n<h2 data-fontsize=\"18\" data-lineheight=\"27\">Plataforma de resoluci\u00f3n de conflictos<\/h2>\n<p>Ponemos tambi\u00e9n a disposici\u00f3n de los usuarios la plataforma de resoluci\u00f3n de litigios que facilita la Comisi\u00f3n Europea y que se encuentra disponible en el siguiente enlace:\u00a0<a href=\"http:\/\/ec.europa.eu\/consumers\/odr\/\" target=\"_blank\" rel=\"noopener noreferrer\">http:\/\/ec.europa.eu\/consumers\/odr\/<\/a><\/p>\n<h2 data-fontsize=\"18\" data-lineheight=\"27\">Derechos de propiedad intelectual e industrial<\/h2>\n<p>En virtud de lo dispuesto en los art\u00edculos 8 y 32.1, p\u00e1rrafo segundo, de la Ley de Propiedad Intelectual, quedan expresamente prohibidas la reproducci\u00f3n, la distribuci\u00f3n y la comunicaci\u00f3n p\u00fablica, incluida su modalidad de puesta a disposici\u00f3n, de la totalidad o parte de los contenidos de esta p\u00e1gina web, con fines comerciales, en cualquier soporte y por cualquier medio t\u00e9cnico, sin la autorizaci\u00f3n de Actual Strategy. El usuario se compromete a respetar los derechos de Propiedad Intelectual e Industrial titularidad de Actual Strategy.<\/p>\n<p>El usuario conoce y acepta que la totalidad del sitio web, conteniendo sin car\u00e1cter exhaustivo el texto, software, contenidos (incluyendo estructura, selecci\u00f3n, ordenaci\u00f3n y presentaci\u00f3n de los mismos) podcast, fotograf\u00edas, material audiovisual y gr\u00e1ficos, est\u00e1 protegida por marcas, derechos de autor y otros derechos leg\u00edtimos, de acuerdo con los tratados internacionales en los que Espa\u00f1a es parte y otros derechos de propiedad y leyes de Espa\u00f1a.<\/p>\n<p>En el caso de que un usuario o un tercero consideren que se ha producido una violaci\u00f3n de sus leg\u00edtimos derechos de propiedad intelectual por la introducci\u00f3n de un determinado contenido en la web, deber\u00e1 notificar dicha circunstancia a Actual Strategy indicando:<\/p>\n<ul>\n<li>Datos personales del interesado titular de los derechos presuntamente infringidos, o indicar la representaci\u00f3n con la que act\u00faa en caso de que la reclamaci\u00f3n la presente un tercero distinto del interesado.<\/li>\n<li>Se\u00f1alar los contenidos protegidos por los derechos de propiedad intelectual y su ubicaci\u00f3n en la web, la acreditaci\u00f3n de los derechos de propiedad intelectual se\u00f1alados y declaraci\u00f3n expresa en la que el interesado se responsabiliza de la veracidad de las informaciones facilitadas en la notificaci\u00f3n.<\/li>\n<\/ul>\n<h2 data-fontsize=\"18\" data-lineheight=\"27\">Exclusi\u00f3n de garant\u00edas y responsable<\/h2>\n<p>Actual Strategy for Business, S.L. (Actual Strategy) no otorga ninguna garant\u00eda ni se hace responsable, en ning\u00fan caso, de los da\u00f1os y perjuicios de cualquier naturaleza que pudieran traer causa de:<\/p>\n<ul>\n<li>La falta de disponibilidad, mantenimiento y efectivo funcionamiento de la web, o de sus servicios y contenidos;<\/li>\n<li>La existencia de malware, programas maliciosos o lesivos en los contenidos;<\/li>\n<li>El uso il\u00edcito, negligente, fraudulento o contrario a este Aviso Legal;<\/li>\n<li>La falta de licitud, calidad, fiabilidad, utilidad y disponibilidad de los servicios prestados por terceros y puestos a disposici\u00f3n de los usuarios en el sitio web.<\/li>\n<li>El prestador no se hace responsable bajo ning\u00fan concepto de los da\u00f1os que pudieran emanar del uso ilegal o indebido de la presente p\u00e1gina web.<\/li>\n<\/ul>\n<h2 data-fontsize=\"18\" data-lineheight=\"27\">Ley aplicable y jurisdicci\u00f3n<\/h2>\n<p>Con car\u00e1cter general las relaciones entre\u00a0con los usuarios de sus servicios telem\u00e1ticos, presentes en esta web se encuentran sometidas a la legislaci\u00f3n y jurisdicci\u00f3n espa\u00f1olas y a los tribunales de Donostia \u2013 San Sebasti\u00e1n.<\/p>\n<h2 data-fontsize=\"18\" data-lineheight=\"27\">Contacto<\/h2>\n<p>En caso de que cualquier usuario tuviese alguna duda acerca de estas Condiciones legales o cualquier comentario sobre el portal <a href=\"https:\/\/actualstrategy.com\" target=\"_blank\" rel=\"noopener\">https:\/\/actualstrategy.com<\/a>, por favor dir\u00edjase a <a href=\"mailto:actualstrategy@actualstrategy.com\" target=\"_blank\" rel=\"noopener\">actualstrategy@actualstrategy.com<\/a>.<\/p>\n<p>&nbsp;<\/p>\n<p>&nbsp;<\/p>\n","protected":false},"excerpt":{"rendered":"<p>Datos del Responsable Identidad del Responsable: Actual Strategy for Business, S.L. Nombre comercial: Actual Strategy NIF\/CIF: B75196691 Tel\u00e9fono:\u00a0943 34 45 87 Direcci\u00f3n: Txatxamendi 53, Pol. 110 Lezo (20100 &#8211; Gipuzkoa &#8211; Espa\u00f1a) Correo electr\u00f3nico:\u00a0actualstrategy@actualstrategy.com Inscripci\u00f3n en el Registro Mercantil:Registro Mercantil de Gipuzkoa, Tomo 2849, Folio 219, Hoja SS-40527, Inscripci\u00f3n 1\u00aa. En este espacio, el usuario, &hellip;<\/p>\n<p class=\"read-more\"> <a class=\"\" href=\"https:\/\/actualstrategy.galde.app\/?page_id=101\"> <span class=\"screen-reader-text\">Aviso Legal<\/span> Read More &raquo;<\/a><\/p>\n","protected":false},"author":1,"featured_media":0,"parent":0,"menu_order":0,"comment_status":"closed","ping_status":"closed","template":"","meta":{"site-sidebar-layout":"default","site-content-layout":"default","ast-global-header-display":"","ast-banner-title-visibility":"","ast-main-header-display":"","ast-hfb-above-header-display":"","ast-hfb-below-header-display":"","ast-hfb-mobile-header-display":"","site-post-title":"","ast-breadcrumbs-content":"","ast-featured-img":"","footer-sml-layout":"","theme-transparent-header-meta":"default","adv-header-id-meta":"","stick-header-meta":"","header-above-stick-meta":"","header-main-stick-meta":"","header-below-stick-meta":"","footnotes":""},"class_list":["post-101","page","type-page","status-publish","hentry"],"_links":{"self":[{"href":"https:\/\/actualstrategy.galde.app\/index.php?rest_route=\/wp\/v2\/pages\/101","targetHints":{"allow":["GET"]}}],"collection":[{"href":"https:\/\/actualstrategy.galde.app\/index.php?rest_route=\/wp\/v2\/pages"}],"about":[{"href":"https:\/\/actualstrategy.galde.app\/index.php?rest_route=\/wp\/v2\/types\/page"}],"author":[{"embeddable":true,"href":"https:\/\/actualstrategy.galde.app\/index.php?rest_route=\/wp\/v2\/users\/1"}],"replies":[{"embeddable":true,"href":"https:\/\/actualstrategy.galde.app\/index.php?rest_route=%2Fwp%2Fv2%2Fcomments&post=101"}],"version-history":[{"count":1,"href":"https:\/\/actualstrategy.galde.app\/index.php?rest_route=\/wp\/v2\/pages\/101\/revisions"}],"predecessor-version":[{"id":102,"href":"https:\/\/actualstrategy.galde.app\/index.php?rest_route=\/wp\/v2\/pages\/101\/revisions\/102"}],"wp:attachment":[{"href":"https:\/\/actualstrategy.galde.app\/index.php?rest_route=%2Fwp%2Fv2%2Fmedia&parent=101"}],"curies":[{"name":"wp","href":"https:\/\/api.w.org\/{rel}","templated":true}]}}