{"id":10,"date":"2023-07-21T14:13:14","date_gmt":"2023-07-21T12:13:14","guid":{"rendered":"https:\/\/actualstrategy.galde.app\/?page_id=10"},"modified":"2023-07-21T21:21:57","modified_gmt":"2023-07-21T19:21:57","slug":"elementor-10","status":"publish","type":"page","link":"https:\/\/actualstrategy.galde.app\/","title":{"rendered":"Actual Strategy"},"content":{"rendered":"\t\t<div data-elementor-type=\"wp-post\" data-elementor-id=\"10\" class=\"elementor elementor-10\">\n\t\t\t\t\t\t\t\t\t<section class=\"elementor-section elementor-top-section elementor-element elementor-element-2d6ae78 elementor-section-full_width elementor-section-height-full elementor-section-stretched elementor-section-height-default elementor-section-items-middle\" data-id=\"2d6ae78\" data-element_type=\"section\" data-settings=\"{&quot;stretch_section&quot;:&quot;section-stretched&quot;,&quot;background_background&quot;:&quot;classic&quot;}\">\n\t\t\t\t\t\t<div class=\"elementor-container elementor-column-gap-default\">\n\t\t\t\t\t<div class=\"elementor-column elementor-col-100 elementor-top-column elementor-element elementor-element-e9d84fc\" data-id=\"e9d84fc\" data-element_type=\"column\">\n\t\t\t<div class=\"elementor-widget-wrap elementor-element-populated\">\n\t\t\t\t\t\t\t\t<div class=\"elementor-element elementor-element-9616879 elementor-widget elementor-widget-heading\" data-id=\"9616879\" data-element_type=\"widget\" data-widget_type=\"heading.default\">\n\t\t\t\t<div class=\"elementor-widget-container\">\n\t\t\t<style>\/*! elementor - v3.14.0 - 26-06-2023 *\/\n.elementor-heading-title{padding:0;margin:0;line-height:1}.elementor-widget-heading .elementor-heading-title[class*=elementor-size-]>a{color:inherit;font-size:inherit;line-height:inherit}.elementor-widget-heading .elementor-heading-title.elementor-size-small{font-size:15px}.elementor-widget-heading .elementor-heading-title.elementor-size-medium{font-size:19px}.elementor-widget-heading .elementor-heading-title.elementor-size-large{font-size:29px}.elementor-widget-heading .elementor-heading-title.elementor-size-xl{font-size:39px}.elementor-widget-heading .elementor-heading-title.elementor-size-xxl{font-size:59px}<\/style><h1 class=\"elementor-heading-title elementor-size-default\">Direcci\u00f3n Comercial e Industrial al alcance<\/h1>\t\t<\/div>\n\t\t\t\t<\/div>\n\t\t\t\t<div class=\"elementor-element elementor-element-9040896 elementor-widget elementor-widget-heading\" data-id=\"9040896\" data-element_type=\"widget\" data-widget_type=\"heading.default\">\n\t\t\t\t<div class=\"elementor-widget-container\">\n\t\t\t<h4 class=\"elementor-heading-title elementor-size-default\">Impulsa el crecimiento de tu negocio<\/h4>\t\t<\/div>\n\t\t\t\t<\/div>\n\t\t\t\t\t<\/div>\n\t\t<\/div>\n\t\t\t\t\t\t\t<\/div>\n\t\t<\/section>\n\t\t\t\t<section class=\"elementor-section elementor-top-section elementor-element elementor-element-0034259 elementor-section-full_width elementor-section-height-default elementor-section-height-default\" data-id=\"0034259\" data-element_type=\"section\">\n\t\t\t\t\t\t<div class=\"elementor-container elementor-column-gap-default\">\n\t\t\t\t\t<div class=\"elementor-column elementor-col-100 elementor-top-column elementor-element elementor-element-cca5353\" data-id=\"cca5353\" data-element_type=\"column\">\n\t\t\t<div class=\"elementor-widget-wrap elementor-element-populated\">\n\t\t\t\t\t\t\t\t<div class=\"elementor-element elementor-element-bac3e67 elementor-widget elementor-widget-heading\" data-id=\"bac3e67\" data-element_type=\"widget\" data-widget_type=\"heading.default\">\n\t\t\t\t<div class=\"elementor-widget-container\">\n\t\t\t<h2 class=\"elementor-heading-title elementor-size-default\">Servicios Destacados<\/h2>\t\t<\/div>\n\t\t\t\t<\/div>\n\t\t\t\t<section class=\"elementor-section elementor-inner-section elementor-element elementor-element-aa158a6 elementor-section-full_width elementor-section-height-default elementor-section-height-default\" data-id=\"aa158a6\" data-element_type=\"section\">\n\t\t\t\t\t\t<div class=\"elementor-container elementor-column-gap-wider\">\n\t\t\t\t\t<div class=\"elementor-column elementor-col-25 elementor-inner-column elementor-element elementor-element-b830913\" data-id=\"b830913\" data-element_type=\"column\">\n\t\t\t<div class=\"elementor-widget-wrap elementor-element-populated\">\n\t\t\t\t\t\t\t\t<div class=\"elementor-element elementor-element-0866ff1 elementor-widget elementor-widget-image\" data-id=\"0866ff1\" data-element_type=\"widget\" data-widget_type=\"image.default\">\n\t\t\t\t<div class=\"elementor-widget-container\">\n\t\t\t<style>\/*! elementor - v3.14.0 - 26-06-2023 *\/\n.elementor-widget-image{text-align:center}.elementor-widget-image a{display:inline-block}.elementor-widget-image a img[src$=\".svg\"]{width:48px}.elementor-widget-image img{vertical-align:middle;display:inline-block}<\/style>\t\t\t\t\t\t\t\t\t\t\t\t<img loading=\"lazy\" decoding=\"async\" width=\"450\" height=\"450\" src=\"https:\/\/actualstrategy.galde.app\/wp-content\/uploads\/2023\/07\/exportaciones_circle.png\" class=\"attachment-large size-large wp-image-25\" alt=\"\" srcset=\"https:\/\/actualstrategy.galde.app\/wp-content\/uploads\/2023\/07\/exportaciones_circle.png 450w, https:\/\/actualstrategy.galde.app\/wp-content\/uploads\/2023\/07\/exportaciones_circle-300x300.png 300w, https:\/\/actualstrategy.galde.app\/wp-content\/uploads\/2023\/07\/exportaciones_circle-150x150.png 150w\" sizes=\"auto, (max-width: 450px) 100vw, 450px\" \/>\t\t\t\t\t\t\t\t\t\t\t\t\t\t\t<\/div>\n\t\t\t\t<\/div>\n\t\t\t\t<div class=\"elementor-element elementor-element-3b567ec elementor-widget elementor-widget-heading\" data-id=\"3b567ec\" data-element_type=\"widget\" data-widget_type=\"heading.default\">\n\t\t\t\t<div class=\"elementor-widget-container\">\n\t\t\t<h6 class=\"elementor-heading-title elementor-size-default\">Externalizaci\u00f3n del Departamento de Exportaciones<\/h6>\t\t<\/div>\n\t\t\t\t<\/div>\n\t\t\t\t\t<\/div>\n\t\t<\/div>\n\t\t\t\t<div class=\"elementor-column elementor-col-25 elementor-inner-column elementor-element elementor-element-a370de4\" data-id=\"a370de4\" data-element_type=\"column\">\n\t\t\t<div class=\"elementor-widget-wrap elementor-element-populated\">\n\t\t\t\t\t\t\t\t<div class=\"elementor-element elementor-element-ede76cc elementor-widget elementor-widget-image\" data-id=\"ede76cc\" data-element_type=\"widget\" data-widget_type=\"image.default\">\n\t\t\t\t<div class=\"elementor-widget-container\">\n\t\t\t\t\t\t\t\t\t\t\t\t\t\t\t<img loading=\"lazy\" decoding=\"async\" width=\"533\" height=\"533\" src=\"https:\/\/actualstrategy.galde.app\/wp-content\/uploads\/2023\/07\/sudeste_asiatico_circle.png\" class=\"attachment-large size-large wp-image-24\" alt=\"\" srcset=\"https:\/\/actualstrategy.galde.app\/wp-content\/uploads\/2023\/07\/sudeste_asiatico_circle.png 533w, https:\/\/actualstrategy.galde.app\/wp-content\/uploads\/2023\/07\/sudeste_asiatico_circle-300x300.png 300w, https:\/\/actualstrategy.galde.app\/wp-content\/uploads\/2023\/07\/sudeste_asiatico_circle-150x150.png 150w\" sizes=\"auto, (max-width: 533px) 100vw, 533px\" \/>\t\t\t\t\t\t\t\t\t\t\t\t\t\t\t<\/div>\n\t\t\t\t<\/div>\n\t\t\t\t<div class=\"elementor-element elementor-element-8ef070f elementor-widget elementor-widget-heading\" data-id=\"8ef070f\" data-element_type=\"widget\" data-widget_type=\"heading.default\">\n\t\t\t\t<div class=\"elementor-widget-container\">\n\t\t\t<h6 class=\"elementor-heading-title elementor-size-default\">Oficina Regional de Ventas en el Sudeste Asi\u00e1tico<\/h6>\t\t<\/div>\n\t\t\t\t<\/div>\n\t\t\t\t\t<\/div>\n\t\t<\/div>\n\t\t\t\t<div class=\"elementor-column elementor-col-25 elementor-inner-column elementor-element elementor-element-2b8c6aa\" data-id=\"2b8c6aa\" data-element_type=\"column\">\n\t\t\t<div class=\"elementor-widget-wrap elementor-element-populated\">\n\t\t\t\t\t\t\t\t<div class=\"elementor-element elementor-element-b79a983 elementor-widget elementor-widget-image\" data-id=\"b79a983\" data-element_type=\"widget\" data-widget_type=\"image.default\">\n\t\t\t\t<div class=\"elementor-widget-container\">\n\t\t\t\t\t\t\t\t\t\t\t\t\t\t\t<img loading=\"lazy\" decoding=\"async\" width=\"1024\" height=\"1024\" src=\"https:\/\/actualstrategy.galde.app\/wp-content\/uploads\/2023\/07\/europa_circle-1024x1024.png\" class=\"attachment-large size-large wp-image-23\" alt=\"\" srcset=\"https:\/\/actualstrategy.galde.app\/wp-content\/uploads\/2023\/07\/europa_circle-1024x1024.png 1024w, https:\/\/actualstrategy.galde.app\/wp-content\/uploads\/2023\/07\/europa_circle-300x300.png 300w, https:\/\/actualstrategy.galde.app\/wp-content\/uploads\/2023\/07\/europa_circle-150x150.png 150w, https:\/\/actualstrategy.galde.app\/wp-content\/uploads\/2023\/07\/europa_circle-768x768.png 768w, https:\/\/actualstrategy.galde.app\/wp-content\/uploads\/2023\/07\/europa_circle.png 1333w\" sizes=\"auto, (max-width: 1024px) 100vw, 1024px\" \/>\t\t\t\t\t\t\t\t\t\t\t\t\t\t\t<\/div>\n\t\t\t\t<\/div>\n\t\t\t\t<div class=\"elementor-element elementor-element-cdfad0b elementor-widget elementor-widget-heading\" data-id=\"cdfad0b\" data-element_type=\"widget\" data-widget_type=\"heading.default\">\n\t\t\t\t<div class=\"elementor-widget-container\">\n\t\t\t<h6 class=\"elementor-heading-title elementor-size-default\">Oficina Regional de Ventas en Europa<\/h6>\t\t<\/div>\n\t\t\t\t<\/div>\n\t\t\t\t\t<\/div>\n\t\t<\/div>\n\t\t\t\t<div class=\"elementor-column elementor-col-25 elementor-inner-column elementor-element elementor-element-2931006\" data-id=\"2931006\" data-element_type=\"column\">\n\t\t\t<div class=\"elementor-widget-wrap elementor-element-populated\">\n\t\t\t\t\t\t\t\t<div class=\"elementor-element elementor-element-b7c4359 elementor-widget elementor-widget-image\" data-id=\"b7c4359\" data-element_type=\"widget\" data-widget_type=\"image.default\">\n\t\t\t\t<div class=\"elementor-widget-container\">\n\t\t\t\t\t\t\t\t\t\t\t\t\t\t\t<img loading=\"lazy\" decoding=\"async\" width=\"500\" height=\"500\" src=\"https:\/\/actualstrategy.galde.app\/wp-content\/uploads\/2023\/07\/Industrial-electronics-modified.png\" class=\"attachment-large size-large wp-image-26\" alt=\"\" srcset=\"https:\/\/actualstrategy.galde.app\/wp-content\/uploads\/2023\/07\/Industrial-electronics-modified.png 500w, https:\/\/actualstrategy.galde.app\/wp-content\/uploads\/2023\/07\/Industrial-electronics-modified-300x300.png 300w, https:\/\/actualstrategy.galde.app\/wp-content\/uploads\/2023\/07\/Industrial-electronics-modified-150x150.png 150w\" sizes=\"auto, (max-width: 500px) 100vw, 500px\" \/>\t\t\t\t\t\t\t\t\t\t\t\t\t\t\t<\/div>\n\t\t\t\t<\/div>\n\t\t\t\t<div class=\"elementor-element elementor-element-b780a3d elementor-widget elementor-widget-heading\" data-id=\"b780a3d\" data-element_type=\"widget\" data-widget_type=\"heading.default\">\n\t\t\t\t<div class=\"elementor-widget-container\">\n\t\t\t<h6 class=\"elementor-heading-title elementor-size-default\">Electr\u00f3nica e Industrial: Representaciones y Distribuciones<\/h6>\t\t<\/div>\n\t\t\t\t<\/div>\n\t\t\t\t\t<\/div>\n\t\t<\/div>\n\t\t\t\t\t\t\t<\/div>\n\t\t<\/section>\n\t\t\t\t\t<\/div>\n\t\t<\/div>\n\t\t\t\t\t\t\t<\/div>\n\t\t<\/section>\n\t\t\t\t\t\t\t<\/div>\n\t\t","protected":false},"excerpt":{"rendered":"<p>Direcci\u00f3n Comercial e Industrial al alcance Impulsa el crecimiento de tu negocio Servicios Destacados Externalizaci\u00f3n del Departamento de Exportaciones Oficina Regional de Ventas en el Sudeste Asi\u00e1tico Oficina Regional de Ventas en Europa Electr\u00f3nica e Industrial: Representaciones y Distribuciones<\/p>\n","protected":false},"author":1,"featured_media":0,"parent":0,"menu_order":0,"comment_status":"closed","ping_status":"closed","template":"","meta":{"site-sidebar-layout":"no-sidebar","site-content-layout":"page-builder","ast-global-header-display":"","ast-banner-title-visibility":"","ast-main-header-display":"","ast-hfb-above-header-display":"","ast-hfb-below-header-display":"","ast-hfb-mobile-header-display":"","site-post-title":"disabled","ast-breadcrumbs-content":"","ast-featured-img":"disabled","footer-sml-layout":"","theme-transparent-header-meta":"default","adv-header-id-meta":"","stick-header-meta":"","header-above-stick-meta":"","header-main-stick-meta":"","header-below-stick-meta":"","footnotes":""},"class_list":["post-10","page","type-page","status-publish","hentry"],"_links":{"self":[{"href":"https:\/\/actualstrategy.galde.app\/index.php?rest_route=\/wp\/v2\/pages\/10","targetHints":{"allow":["GET"]}}],"collection":[{"href":"https:\/\/actualstrategy.galde.app\/index.php?rest_route=\/wp\/v2\/pages"}],"about":[{"href":"https:\/\/actualstrategy.galde.app\/index.php?rest_route=\/wp\/v2\/types\/page"}],"author":[{"embeddable":true,"href":"https:\/\/actualstrategy.galde.app\/index.php?rest_route=\/wp\/v2\/users\/1"}],"replies":[{"embeddable":true,"href":"https:\/\/actualstrategy.galde.app\/index.php?rest_route=%2Fwp%2Fv2%2Fcomments&post=10"}],"version-history":[{"count":12,"href":"https:\/\/actualstrategy.galde.app\/index.php?rest_route=\/wp\/v2\/pages\/10\/revisions"}],"predecessor-version":[{"id":34,"href":"https:\/\/actualstrategy.galde.app\/index.php?rest_route=\/wp\/v2\/pages\/10\/revisions\/34"}],"wp:attachment":[{"href":"https:\/\/actualstrategy.galde.app\/index.php?rest_route=%2Fwp%2Fv2%2Fmedia&parent=10"}],"curies":[{"name":"wp","href":"https:\/\/api.w.org\/{rel}","templated":true}]}}